{"id":55026,"date":"2026-04-16T12:34:10","date_gmt":"2026-04-16T10:34:10","guid":{"rendered":"https:\/\/mudvii.eu\/?post_type=product&#038;p=55026"},"modified":"2026-04-16T12:36:15","modified_gmt":"2026-04-16T10:36:15","slug":"tank-top-trust-chocolate","status":"publish","type":"product","link":"https:\/\/mudvii.eu\/lt\/produktas\/tank-top-trust-chocolate\/","title":{"rendered":"Tank Top TRUST | Chocolate"},"content":{"rendered":"<p><strong>Sud\u0117tis:<\/strong><br \/>\n92% medviln\u0117s, 8% elastano<\/p>\n<p><strong>Prie\u017ei\u016bra:<\/strong><br \/>\nSkalbti 30\u00b0C ar \u017eemesn\u0117je temperat\u016broje. Ned\u017eiovinti d\u017eiovykl\u0117je. D\u017eiovinti pakabinus.<\/p>","protected":false},"excerpt":{"rendered":"<p>Subtilus kasdienio \u012fvaizd\u017eio pagrindas.<br data-start=\"250\" data-end=\"253\" \/>Pagamintas i\u0161 itin \u0161velnaus ribinio audinio. D\u0117l \u0161io audinio mink\u0161tumo mar\u0161kin\u0117liai itin maloniai priglunda prie k\u016bno.<br data-start=\"393\" data-end=\"396\" \/>Itin minimalus logo siuvin\u0117jimas priekyje suteikia dar daugiau prabangos.<\/p>","protected":false},"featured_media":54375,"comment_status":"open","ping_status":"closed","template":"","meta":{"_acf_changed":false},"product_brand":[],"product_cat":[15,363,377,381],"product_tag":[447,452,448,449,424],"class_list":{"0":"post-55026","1":"product","2":"type-product","3":"status-publish","4":"has-post-thumbnail","6":"product_cat-all-products","7":"product_cat-new-collection","8":"product_cat-tops","9":"product_cat-your-favorites","10":"product_tag-autumn","11":"product_tag-basic","12":"product_tag-spring","13":"product_tag-summer","14":"product_tag-tank-top","15":"description-off","17":"first","18":"instock","19":"taxable","20":"shipping-taxable","21":"purchasable","22":"product-type-variable"},"supplier_id":null,"supplier_sku":"","atum_controlled":true,"out_stock_date":null,"out_stock_threshold":null,"inheritable":true,"inbound_stock":0,"stock_on_hold":0,"sold_today":null,"sales_last_days":null,"reserved_stock":0,"customer_returns":0,"warehouse_damage":null,"lost_in_post":null,"other_logs":null,"out_stock_days":null,"lost_sales":null,"has_location":false,"update_date":"2026-04-16T11:52:41","atum_locations":[],"atum_stock_status":"instock","restock_status":false,"low_stock_amount":"","sales_update_date":"2026-04-15T22:39:00","calc_backorders":null,"acf":[],"jetpack_sharing_enabled":true,"_links":{"self":[{"href":"https:\/\/mudvii.eu\/lt\/wp-json\/wp\/v2\/product\/55026","targetHints":{"allow":["GET"]}}],"collection":[{"href":"https:\/\/mudvii.eu\/lt\/wp-json\/wp\/v2\/product"}],"about":[{"href":"https:\/\/mudvii.eu\/lt\/wp-json\/wp\/v2\/types\/product"}],"replies":[{"embeddable":true,"href":"https:\/\/mudvii.eu\/lt\/wp-json\/wp\/v2\/comments?post=55026"}],"version-history":[{"count":3,"href":"https:\/\/mudvii.eu\/lt\/wp-json\/wp\/v2\/product\/55026\/revisions"}],"predecessor-version":[{"id":55031,"href":"https:\/\/mudvii.eu\/lt\/wp-json\/wp\/v2\/product\/55026\/revisions\/55031"}],"wp:featuredmedia":[{"embeddable":true,"href":"https:\/\/mudvii.eu\/lt\/wp-json\/wp\/v2\/media\/54375"}],"wp:attachment":[{"href":"https:\/\/mudvii.eu\/lt\/wp-json\/wp\/v2\/media?parent=55026"}],"wp:term":[{"taxonomy":"product_brand","embeddable":true,"href":"https:\/\/mudvii.eu\/lt\/wp-json\/wp\/v2\/product_brand?post=55026"},{"taxonomy":"product_cat","embeddable":true,"href":"https:\/\/mudvii.eu\/lt\/wp-json\/wp\/v2\/product_cat?post=55026"},{"taxonomy":"product_tag","embeddable":true,"href":"https:\/\/mudvii.eu\/lt\/wp-json\/wp\/v2\/product_tag?post=55026"}],"curies":[{"name":"wp","href":"https:\/\/api.w.org\/{rel}","templated":true}]}}