{"id":54904,"date":"2026-04-09T09:00:14","date_gmt":"2026-04-09T07:00:14","guid":{"rendered":"https:\/\/mudvii.eu\/?post_type=product&#038;p=54904"},"modified":"2026-04-09T09:44:42","modified_gmt":"2026-04-09T07:44:42","slug":"sweatpants-ease-chocolate","status":"publish","type":"product","link":"https:\/\/mudvii.eu\/lt\/produktas\/sweatpants-ease-chocolate\/","title":{"rendered":"Sweatpants Ease | Chocolate"},"content":{"rendered":"<p><strong>Sud\u0117tis:<\/strong><br \/>\n80% medviln\u0117s, 20% poliesterio<\/p>\n<p><strong>Prie\u017ei\u016bra:<br \/>\n<\/strong>Skalbti 30 laipsni\u0173 ar \u017eemesn\u0117je temperat\u016broje. Naudokite \u0161veln\u0173 skalbikl\u012f. Stiprios chemin\u0117s med\u017eiagos gali i\u0161blukinti spalvas. Ned\u017eiovinti d\u017eiovykl\u0117je.<\/p>\n<p>&nbsp;<\/p>","protected":false},"excerpt":{"rendered":"<p><strong>Produkto apra\u0161ymas:\u00a0<\/strong><\/p>\n<p data-start=\"277\" data-end=\"459\">EASE keln\u0117s sukurtos tam, kad pailgint\u0173 j\u016bs\u0173 siluet\u0105 ir suteikt\u0173 pasitik\u0117jimo savimi kasdieniame jud\u0117jime. Jos yra laisvos, ta\u010diau prakti\u0161kos, tod\u0117l sukuria rafinuot\u0105 ir lengv\u0105 \u012fvaizd\u012f, kuris puikiai tinka tiek mieste, tiek kasdienai.<\/p>","protected":false},"featured_media":54926,"comment_status":"open","ping_status":"closed","template":"","meta":{"_acf_changed":false},"product_brand":[],"product_cat":[15,353,426,363,372,381],"product_tag":[447,452,286,448,402],"class_list":{"0":"post-54904","1":"product","2":"type-product","3":"status-publish","4":"has-post-thumbnail","6":"product_cat-all-products","7":"product_cat-leisurewear","8":"product_cat-new-arrivals-for-subscribers","9":"product_cat-new-collection","10":"product_cat-soft-french-terry-sweatpants","11":"product_cat-your-favorites","12":"product_tag-autumn","13":"product_tag-basic","14":"product_tag-leisurewear","15":"product_tag-spring","16":"product_tag-straight-sweatpants","17":"description-off","19":"first","20":"onbackorder","21":"taxable","22":"shipping-taxable","23":"purchasable","24":"product-type-variable"},"supplier_id":null,"supplier_sku":"","atum_controlled":true,"out_stock_date":null,"out_stock_threshold":null,"inheritable":true,"inbound_stock":0,"stock_on_hold":0,"sold_today":0,"sales_last_days":0,"reserved_stock":0,"customer_returns":0,"warehouse_damage":null,"lost_in_post":null,"other_logs":null,"out_stock_days":0,"lost_sales":0,"has_location":false,"update_date":"2026-04-09T07:44:44","atum_locations":[],"atum_stock_status":"onbackorder","restock_status":false,"low_stock_amount":"","sales_update_date":"2026-04-09T00:35:52","calc_backorders":null,"acf":[],"jetpack_sharing_enabled":true,"_links":{"self":[{"href":"https:\/\/mudvii.eu\/lt\/wp-json\/wp\/v2\/product\/54904","targetHints":{"allow":["GET"]}}],"collection":[{"href":"https:\/\/mudvii.eu\/lt\/wp-json\/wp\/v2\/product"}],"about":[{"href":"https:\/\/mudvii.eu\/lt\/wp-json\/wp\/v2\/types\/product"}],"replies":[{"embeddable":true,"href":"https:\/\/mudvii.eu\/lt\/wp-json\/wp\/v2\/comments?post=54904"}],"version-history":[{"count":1,"href":"https:\/\/mudvii.eu\/lt\/wp-json\/wp\/v2\/product\/54904\/revisions"}],"predecessor-version":[{"id":54912,"href":"https:\/\/mudvii.eu\/lt\/wp-json\/wp\/v2\/product\/54904\/revisions\/54912"}],"wp:featuredmedia":[{"embeddable":true,"href":"https:\/\/mudvii.eu\/lt\/wp-json\/wp\/v2\/media\/54926"}],"wp:attachment":[{"href":"https:\/\/mudvii.eu\/lt\/wp-json\/wp\/v2\/media?parent=54904"}],"wp:term":[{"taxonomy":"product_brand","embeddable":true,"href":"https:\/\/mudvii.eu\/lt\/wp-json\/wp\/v2\/product_brand?post=54904"},{"taxonomy":"product_cat","embeddable":true,"href":"https:\/\/mudvii.eu\/lt\/wp-json\/wp\/v2\/product_cat?post=54904"},{"taxonomy":"product_tag","embeddable":true,"href":"https:\/\/mudvii.eu\/lt\/wp-json\/wp\/v2\/product_tag?post=54904"}],"curies":[{"name":"wp","href":"https:\/\/api.w.org\/{rel}","templated":true}]}}