{"id":54897,"date":"2026-04-09T09:00:54","date_gmt":"2026-04-09T07:00:54","guid":{"rendered":"https:\/\/mudvii.eu\/?post_type=product&#038;p=54897"},"modified":"2026-04-09T09:43:55","modified_gmt":"2026-04-09T07:43:55","slug":"sweatshirt-with-a-zipper-ease-chocolate","status":"publish","type":"product","link":"https:\/\/mudvii.eu\/lt\/produktas\/sweatshirt-with-a-zipper-ease-chocolate\/","title":{"rendered":"Sweatshirt with a zipper EASE | Chocolate"},"content":{"rendered":"<p><strong>Sud\u0117tis:<\/strong><br \/>\n80% medviln\u0117s, 20% poliesterio<\/p>\n<p><strong>Prie\u017ei\u016bra:<\/strong><br \/>\nSkalbti 30 laipsni\u0173 arba \u017eemesn\u0117je temperat\u016broje. Ned\u017eiovinti d\u017eiovykl\u0117je. Skalbti su \u0161velniu skalbikliu, kad spalva nei\u0161siplaut\u0173.<\/p>","protected":false},"excerpt":{"rendered":"<p><strong>Produkto apra\u0161ymas:<\/strong><\/p>\n<p>Rafinuotas pasirinkimas J\u016bs\u0173 kasdienybei.<br data-start=\"333\" data-end=\"336\" \/>D\u017eemperio audinys kurtas specialiai pagal u\u017esakym\u0105. Itin \u0161velnus, p\u016bkel\u012f primenantis velvetas viduje ir specialus peach efektas i\u0161or\u0117je suteikiantis gaminiui maksimalaus \u0161velnumo pojut\u012f.<br data-start=\"486\" data-end=\"489\" \/>Minimalus logotipo siuvin\u0117jimas priekyje suteikiantis dar daugiau prabangos.<\/p>\n<p>&nbsp;<\/p>","protected":false},"featured_media":54895,"comment_status":"open","ping_status":"closed","template":"","meta":{"_acf_changed":false},"product_brand":[],"product_cat":[15,353,426,363,373,381],"product_tag":[],"class_list":{"0":"post-54897","1":"product","2":"type-product","3":"status-publish","4":"has-post-thumbnail","6":"product_cat-all-products","7":"product_cat-leisurewear","8":"product_cat-new-arrivals-for-subscribers","9":"product_cat-new-collection","10":"product_cat-soft-french-terry-sweatshirts","11":"product_cat-your-favorites","12":"description-off","14":"first","15":"onbackorder","16":"taxable","17":"shipping-taxable","18":"purchasable","19":"product-type-variable"},"supplier_id":null,"supplier_sku":"","atum_controlled":true,"out_stock_date":null,"out_stock_threshold":null,"inheritable":true,"inbound_stock":0,"stock_on_hold":0,"sold_today":0,"sales_last_days":0,"reserved_stock":0,"customer_returns":0,"warehouse_damage":null,"lost_in_post":null,"other_logs":null,"out_stock_days":0,"lost_sales":0,"has_location":false,"update_date":"2026-04-09T07:43:57","atum_locations":[],"atum_stock_status":"onbackorder","restock_status":false,"low_stock_amount":"","sales_update_date":"2026-04-09T00:35:52","calc_backorders":null,"acf":[],"jetpack_sharing_enabled":true,"_links":{"self":[{"href":"https:\/\/mudvii.eu\/lt\/wp-json\/wp\/v2\/product\/54897","targetHints":{"allow":["GET"]}}],"collection":[{"href":"https:\/\/mudvii.eu\/lt\/wp-json\/wp\/v2\/product"}],"about":[{"href":"https:\/\/mudvii.eu\/lt\/wp-json\/wp\/v2\/types\/product"}],"replies":[{"embeddable":true,"href":"https:\/\/mudvii.eu\/lt\/wp-json\/wp\/v2\/comments?post=54897"}],"version-history":[{"count":1,"href":"https:\/\/mudvii.eu\/lt\/wp-json\/wp\/v2\/product\/54897\/revisions"}],"predecessor-version":[{"id":54903,"href":"https:\/\/mudvii.eu\/lt\/wp-json\/wp\/v2\/product\/54897\/revisions\/54903"}],"wp:featuredmedia":[{"embeddable":true,"href":"https:\/\/mudvii.eu\/lt\/wp-json\/wp\/v2\/media\/54895"}],"wp:attachment":[{"href":"https:\/\/mudvii.eu\/lt\/wp-json\/wp\/v2\/media?parent=54897"}],"wp:term":[{"taxonomy":"product_brand","embeddable":true,"href":"https:\/\/mudvii.eu\/lt\/wp-json\/wp\/v2\/product_brand?post=54897"},{"taxonomy":"product_cat","embeddable":true,"href":"https:\/\/mudvii.eu\/lt\/wp-json\/wp\/v2\/product_cat?post=54897"},{"taxonomy":"product_tag","embeddable":true,"href":"https:\/\/mudvii.eu\/lt\/wp-json\/wp\/v2\/product_tag?post=54897"}],"curies":[{"name":"wp","href":"https:\/\/api.w.org\/{rel}","templated":true}]}}