{"id":54339,"date":"2026-03-20T16:15:57","date_gmt":"2026-03-20T14:15:57","guid":{"rendered":"https:\/\/mudvii.eu\/?post_type=product&#038;p=54339"},"modified":"2026-05-03T15:58:51","modified_gmt":"2026-05-03T13:58:51","slug":"lace-waist-scarf-romance","status":"publish","type":"product","link":"https:\/\/mudvii.eu\/lt\/produktas\/lace-waist-scarf-romance\/","title":{"rendered":"Nerta juosmens skarel\u0117 ROMANCE"},"content":{"rendered":"<p><strong>Sud\u0117tis: <\/strong>50% cotton; 50% polyester<\/p>\n<p><strong>Prie\u017ei\u016bra:<br \/>\n<\/strong>Skalbti 30 laipsni\u0173 ar \u017eemesn\u0117je temperat\u016broje. Naudokite \u0161veln\u0173 skalbikl\u012f. Stiprios chemin\u0117s med\u017eiagos gali i\u0161blukinti spalvas. Ned\u017eiovinti d\u017eiovykl\u0117je.<\/p>\n<p>&nbsp;<\/p>","protected":false},"excerpt":{"rendered":"<p><strong>Produkto apra\u0161ymas:<\/strong><\/p>\n<p>Subtili detal\u0117 suteikianti i\u0161skirtinumo kiekvienam \u012fvaizd\u017eiui.<br data-start=\"894\" data-end=\"897\" \/>Nerta skarel\u0117 gali b\u016bti d\u0117vima ant \u0161vark\u0173, mar\u0161kini\u0173, ar po jais. Pasitelk vaizduot\u0119 ir susikur savo asmenin\u012f i\u0161skirtin\u012f \u012fvaizd\u012f.<br data-start=\"971\" data-end=\"974\" \/>Skarel\u0117 dviej\u0173 dyd\u017ei\u0173 S\/M ir L\/XL, pasirink sau tinkam\u0105 variant\u0105.<\/p>","protected":false},"featured_media":54377,"comment_status":"open","ping_status":"closed","template":"","meta":{"_acf_changed":false},"product_brand":[],"product_cat":[15,443,426,363,367,381],"product_tag":[],"class_list":{"0":"post-54339","1":"product","2":"type-product","3":"status-publish","4":"has-post-thumbnail","6":"product_cat-all-products","7":"product_cat-gift-guide","8":"product_cat-new-arrivals-for-subscribers","9":"product_cat-new-collection","10":"product_cat-scarves","11":"product_cat-your-favorites","12":"description-off","14":"first","15":"instock","16":"taxable","17":"shipping-taxable","18":"purchasable","19":"product-type-variable"},"supplier_id":null,"supplier_sku":"","atum_controlled":true,"out_stock_date":null,"out_stock_threshold":null,"inheritable":true,"inbound_stock":0,"stock_on_hold":1,"sold_today":0,"sales_last_days":12,"reserved_stock":0,"customer_returns":0,"warehouse_damage":null,"lost_in_post":null,"other_logs":null,"out_stock_days":0,"lost_sales":0,"has_location":false,"update_date":"2026-05-04T15:22:55","atum_locations":[],"atum_stock_status":"instock","restock_status":false,"low_stock_amount":"","sales_update_date":"2026-05-04T00:50:06","calc_backorders":null,"acf":[],"jetpack_sharing_enabled":true,"_links":{"self":[{"href":"https:\/\/mudvii.eu\/lt\/wp-json\/wp\/v2\/product\/54339","targetHints":{"allow":["GET"]}}],"collection":[{"href":"https:\/\/mudvii.eu\/lt\/wp-json\/wp\/v2\/product"}],"about":[{"href":"https:\/\/mudvii.eu\/lt\/wp-json\/wp\/v2\/types\/product"}],"replies":[{"embeddable":true,"href":"https:\/\/mudvii.eu\/lt\/wp-json\/wp\/v2\/comments?post=54339"}],"version-history":[{"count":4,"href":"https:\/\/mudvii.eu\/lt\/wp-json\/wp\/v2\/product\/54339\/revisions"}],"predecessor-version":[{"id":54848,"href":"https:\/\/mudvii.eu\/lt\/wp-json\/wp\/v2\/product\/54339\/revisions\/54848"}],"wp:featuredmedia":[{"embeddable":true,"href":"https:\/\/mudvii.eu\/lt\/wp-json\/wp\/v2\/media\/54377"}],"wp:attachment":[{"href":"https:\/\/mudvii.eu\/lt\/wp-json\/wp\/v2\/media?parent=54339"}],"wp:term":[{"taxonomy":"product_brand","embeddable":true,"href":"https:\/\/mudvii.eu\/lt\/wp-json\/wp\/v2\/product_brand?post=54339"},{"taxonomy":"product_cat","embeddable":true,"href":"https:\/\/mudvii.eu\/lt\/wp-json\/wp\/v2\/product_cat?post=54339"},{"taxonomy":"product_tag","embeddable":true,"href":"https:\/\/mudvii.eu\/lt\/wp-json\/wp\/v2\/product_tag?post=54339"}],"curies":[{"name":"wp","href":"https:\/\/api.w.org\/{rel}","templated":true}]}}