{"id":54331,"date":"2026-03-20T16:15:06","date_gmt":"2026-03-20T14:15:06","guid":{"rendered":"https:\/\/mudvii.eu\/?post_type=product&#038;p=54331"},"modified":"2026-05-05T15:49:53","modified_gmt":"2026-05-05T13:49:53","slug":"lace-skirt-romance","status":"publish","type":"product","link":"https:\/\/mudvii.eu\/lt\/produktas\/lace-skirt-romance\/","title":{"rendered":"Nertas sijonas ROMANCE"},"content":{"rendered":"<p><strong>Sud\u0117tis:<\/strong><br \/>\nSijonas: 50% medviln\u0117; 50% elastanas.<\/p>\n<p>\u0160ortai: 95% medviln\u0117; 5% elastanas.<\/p>\n<p><strong>Prie\u017ei\u016bra:<br \/>\n<\/strong>Skalbti 30 laipsni\u0173 ar \u017eemesn\u0117je temperat\u016broje. Naudokite \u0161veln\u0173 skalbikl\u012f. Stiprios chemin\u0117s med\u017eiagos gali i\u0161blukinti spalvas. Ned\u017eiovinti d\u017eiovykl\u0117je.<\/p>\n<p>&nbsp;<\/p>","protected":false},"excerpt":{"rendered":"<p><strong>Produkto apra\u0161ymas:<\/strong><\/p>\n<p>Rafinuota \u0161iuolaikin\u0117s romantikos ir individualumo i\u0161rai\u0161ka.<br data-start=\"263\" data-end=\"266\" \/>\u0160is laisvo silueto n\u0117rini\u0173 sijonas \u2014 akcentinis sluoksnis, \u012fvaizd\u017eiui suteikiantis tekst\u016bros, lengvumo ir rafinuoto charakterio.<br data-start=\"396\" data-end=\"399\" \/>Pasitelk fantazij\u0105 ir ne\u0161iok \u0161\u012f sijon\u0105 vien\u0105 pat\u012f arba kaip sluoksn\u012f ant kelni\u0173, sukneli\u0173 ar kit\u0173 siluet\u0173.<\/p>","protected":false},"featured_media":54402,"comment_status":"open","ping_status":"closed","template":"","meta":{"_acf_changed":false},"product_brand":[],"product_cat":[15,426,363,370],"product_tag":[],"class_list":{"0":"post-54331","1":"product","2":"type-product","3":"status-publish","4":"has-post-thumbnail","6":"product_cat-all-products","7":"product_cat-new-arrivals-for-subscribers","8":"product_cat-new-collection","9":"product_cat-skirts","10":"description-off","12":"first","13":"instock","14":"taxable","15":"shipping-taxable","16":"purchasable","17":"product-type-variable"},"supplier_id":null,"supplier_sku":"","atum_controlled":true,"out_stock_date":null,"out_stock_threshold":null,"inheritable":true,"inbound_stock":0,"stock_on_hold":0,"sold_today":0,"sales_last_days":10,"reserved_stock":0,"customer_returns":0,"warehouse_damage":null,"lost_in_post":null,"other_logs":null,"out_stock_days":0,"lost_sales":0,"has_location":false,"update_date":"2026-05-05T09:52:09","atum_locations":[],"atum_stock_status":"instock","restock_status":false,"low_stock_amount":"","sales_update_date":"2026-05-05T00:50:43","calc_backorders":null,"acf":[],"jetpack_sharing_enabled":true,"_links":{"self":[{"href":"https:\/\/mudvii.eu\/lt\/wp-json\/wp\/v2\/product\/54331","targetHints":{"allow":["GET"]}}],"collection":[{"href":"https:\/\/mudvii.eu\/lt\/wp-json\/wp\/v2\/product"}],"about":[{"href":"https:\/\/mudvii.eu\/lt\/wp-json\/wp\/v2\/types\/product"}],"replies":[{"embeddable":true,"href":"https:\/\/mudvii.eu\/lt\/wp-json\/wp\/v2\/comments?post=54331"}],"version-history":[{"count":3,"href":"https:\/\/mudvii.eu\/lt\/wp-json\/wp\/v2\/product\/54331\/revisions"}],"predecessor-version":[{"id":54421,"href":"https:\/\/mudvii.eu\/lt\/wp-json\/wp\/v2\/product\/54331\/revisions\/54421"}],"wp:featuredmedia":[{"embeddable":true,"href":"https:\/\/mudvii.eu\/lt\/wp-json\/wp\/v2\/media\/54402"}],"wp:attachment":[{"href":"https:\/\/mudvii.eu\/lt\/wp-json\/wp\/v2\/media?parent=54331"}],"wp:term":[{"taxonomy":"product_brand","embeddable":true,"href":"https:\/\/mudvii.eu\/lt\/wp-json\/wp\/v2\/product_brand?post=54331"},{"taxonomy":"product_cat","embeddable":true,"href":"https:\/\/mudvii.eu\/lt\/wp-json\/wp\/v2\/product_cat?post=54331"},{"taxonomy":"product_tag","embeddable":true,"href":"https:\/\/mudvii.eu\/lt\/wp-json\/wp\/v2\/product_tag?post=54331"}],"curies":[{"name":"wp","href":"https:\/\/api.w.org\/{rel}","templated":true}]}}