{"id":54323,"date":"2026-03-20T15:26:09","date_gmt":"2026-03-20T13:26:09","guid":{"rendered":"https:\/\/mudvii.eu\/?post_type=product&#038;p=54323"},"modified":"2026-05-04T16:56:21","modified_gmt":"2026-05-04T14:56:21","slug":"sweatshirt-bloom","status":"publish","type":"product","link":"https:\/\/mudvii.eu\/lt\/produktas\/sweatshirt-bloom\/","title":{"rendered":"D\u017eemperis BLOOM"},"content":{"rendered":"<p><strong>Sud\u0117tis:<\/strong><br \/>\n80% medviln\u0117s, 20% poliesterio<\/p>\n<p><strong>Prie\u017ei\u016bra:<\/strong><br \/>\nSkalbti 30 laipsni\u0173 arba \u017eemesn\u0117je temperat\u016broje. Ned\u017eiovinti d\u017eiovykl\u0117je. Skalbti su \u0161velniu skalbikliu, kad spalva nei\u0161siplaut\u0173.<\/p>","protected":false},"excerpt":{"rendered":"<p><strong>Produkto apra\u0161ymas:<\/strong><\/p>\n<p>Bloom jau tap\u0119s MUDVII simbolis primenantis apie \u0161velnum\u0105, augim\u0105 ir virsm\u0105 geresn\u0117s sav\u0119s versija.<br data-start=\"333\" data-end=\"336\" \/>D\u017eemperio audinys kurtas specialiai pagal u\u017esakym\u0105. Itin \u0161velnus, p\u016bkel\u012f primenantis velvetas viduje ir specialus peach efektas i\u0161or\u0117je suteikiantis gaminiui maksimalaus \u0161velnumo pojut\u012f.<br data-start=\"486\" data-end=\"489\" \/>Galite rinktis i\u0161 dviej\u0173 spalv\u0173 siuvin\u0117jimo - \u0161okoladin\u0117s bei \u017eydros. Taip pat ant rankov\u0117s rasite itin subtil\u0173 BLOOM simbol\u012f primenant\u012f apie \u017eyd\u0117jim\u0105 ir augim\u0105 su atjauta ir \u0161velnumu sau.<\/p>","protected":false},"featured_media":54361,"comment_status":"open","ping_status":"closed","template":"","meta":{"_acf_changed":false},"product_brand":[],"product_cat":[15,443,353,426,363,373,381],"product_tag":[],"class_list":{"0":"post-54323","1":"product","2":"type-product","3":"status-publish","4":"has-post-thumbnail","6":"product_cat-all-products","7":"product_cat-gift-guide","8":"product_cat-leisurewear","9":"product_cat-new-arrivals-for-subscribers","10":"product_cat-new-collection","11":"product_cat-soft-french-terry-sweatshirts","12":"product_cat-your-favorites","13":"pa_color-blue","14":"pa_color-brown","15":"description-off","17":"first","18":"instock","19":"taxable","20":"shipping-taxable","21":"purchasable","22":"product-type-variable"},"supplier_id":null,"supplier_sku":"","atum_controlled":true,"out_stock_date":null,"out_stock_threshold":null,"inheritable":true,"inbound_stock":0,"stock_on_hold":1,"sold_today":0,"sales_last_days":15,"reserved_stock":0,"customer_returns":0,"warehouse_damage":null,"lost_in_post":null,"other_logs":null,"out_stock_days":0,"lost_sales":0,"has_location":false,"update_date":"2026-05-04T17:44:49","atum_locations":[],"atum_stock_status":"instock","restock_status":false,"low_stock_amount":"","sales_update_date":"2026-05-04T07:13:52","calc_backorders":null,"acf":[],"jetpack_sharing_enabled":true,"_links":{"self":[{"href":"https:\/\/mudvii.eu\/lt\/wp-json\/wp\/v2\/product\/54323","targetHints":{"allow":["GET"]}}],"collection":[{"href":"https:\/\/mudvii.eu\/lt\/wp-json\/wp\/v2\/product"}],"about":[{"href":"https:\/\/mudvii.eu\/lt\/wp-json\/wp\/v2\/types\/product"}],"replies":[{"embeddable":true,"href":"https:\/\/mudvii.eu\/lt\/wp-json\/wp\/v2\/comments?post=54323"}],"version-history":[{"count":5,"href":"https:\/\/mudvii.eu\/lt\/wp-json\/wp\/v2\/product\/54323\/revisions"}],"predecessor-version":[{"id":54423,"href":"https:\/\/mudvii.eu\/lt\/wp-json\/wp\/v2\/product\/54323\/revisions\/54423"}],"wp:featuredmedia":[{"embeddable":true,"href":"https:\/\/mudvii.eu\/lt\/wp-json\/wp\/v2\/media\/54361"}],"wp:attachment":[{"href":"https:\/\/mudvii.eu\/lt\/wp-json\/wp\/v2\/media?parent=54323"}],"wp:term":[{"taxonomy":"product_brand","embeddable":true,"href":"https:\/\/mudvii.eu\/lt\/wp-json\/wp\/v2\/product_brand?post=54323"},{"taxonomy":"product_cat","embeddable":true,"href":"https:\/\/mudvii.eu\/lt\/wp-json\/wp\/v2\/product_cat?post=54323"},{"taxonomy":"product_tag","embeddable":true,"href":"https:\/\/mudvii.eu\/lt\/wp-json\/wp\/v2\/product_tag?post=54323"}],"curies":[{"name":"wp","href":"https:\/\/api.w.org\/{rel}","templated":true}]}}