{"id":54308,"date":"2026-03-20T15:14:09","date_gmt":"2026-03-20T13:14:09","guid":{"rendered":"https:\/\/mudvii.eu\/?post_type=product&#038;p=54308"},"modified":"2026-05-05T12:49:18","modified_gmt":"2026-05-05T10:49:18","slug":"longsleeve-clarity","status":"publish","type":"product","link":"https:\/\/mudvii.eu\/lt\/produktas\/longsleeve-clarity\/","title":{"rendered":"Mar\u0161kin\u0117liai ilgomis rankov\u0117mis CLARITY"},"content":{"rendered":"<p><strong>Sud\u0117tis:<\/strong><br \/>\n95% medviln\u0117, 5% elastanas<\/p>\n<p><strong>Prie\u017ei\u016bra:<\/strong><br \/>\nSkalbti 30 laipsni\u0173 arba \u017eemesn\u0117je temperat\u016broje. Ned\u017eiovinti d\u017eiovykl\u0117je. Skalbti su \u0161velniu skalbikliu, kad spalva nei\u0161siplaut\u0173.<\/p>","protected":false},"excerpt":{"rendered":"<p><strong>Produkto apra\u0161ymas:<\/strong><\/p>\n<p>Subtilus kasdienio \u012fvaizd\u017eio pagrindas.<br data-start=\"236\" data-end=\"239\" \/>Lengvos ir itin malonios medviln\u0117s mar\u0161kin\u0117liai, tobulai papildantys kiekvien\u0105 derin\u012f. Su \u0161iuo metu itin aktualiu spalv\u0173 duetu: \u017eydros bei sodrios vyno spalvos.<br data-start=\"385\" data-end=\"388\" \/>Nepavaldus laikui bei tendencijoms produktas, sukurtas d\u0117v\u0117ti kasdien.<\/p>","protected":false},"featured_media":54368,"comment_status":"open","ping_status":"closed","template":"","meta":{"_acf_changed":false},"product_brand":[],"product_cat":[15,426,363,377,381],"product_tag":[],"class_list":{"0":"post-54308","1":"product","2":"type-product","3":"status-publish","4":"has-post-thumbnail","6":"product_cat-all-products","7":"product_cat-new-arrivals-for-subscribers","8":"product_cat-new-collection","9":"product_cat-tops","10":"product_cat-your-favorites","11":"description-off","13":"first","14":"instock","15":"taxable","16":"shipping-taxable","17":"purchasable","18":"product-type-variable","19":"has-default-attributes"},"supplier_id":null,"supplier_sku":"","atum_controlled":true,"out_stock_date":null,"out_stock_threshold":null,"inheritable":true,"inbound_stock":0,"stock_on_hold":0,"sold_today":0,"sales_last_days":3,"reserved_stock":0,"customer_returns":0,"warehouse_damage":null,"lost_in_post":null,"other_logs":null,"out_stock_days":0,"lost_sales":0,"has_location":false,"update_date":"2026-05-05T00:50:43","atum_locations":[],"atum_stock_status":"onbackorder","restock_status":false,"low_stock_amount":"","sales_update_date":"2026-05-05T00:50:43","calc_backorders":null,"acf":[],"jetpack_sharing_enabled":true,"_links":{"self":[{"href":"https:\/\/mudvii.eu\/lt\/wp-json\/wp\/v2\/product\/54308","targetHints":{"allow":["GET"]}}],"collection":[{"href":"https:\/\/mudvii.eu\/lt\/wp-json\/wp\/v2\/product"}],"about":[{"href":"https:\/\/mudvii.eu\/lt\/wp-json\/wp\/v2\/types\/product"}],"replies":[{"embeddable":true,"href":"https:\/\/mudvii.eu\/lt\/wp-json\/wp\/v2\/comments?post=54308"}],"version-history":[{"count":5,"href":"https:\/\/mudvii.eu\/lt\/wp-json\/wp\/v2\/product\/54308\/revisions"}],"predecessor-version":[{"id":54430,"href":"https:\/\/mudvii.eu\/lt\/wp-json\/wp\/v2\/product\/54308\/revisions\/54430"}],"wp:featuredmedia":[{"embeddable":true,"href":"https:\/\/mudvii.eu\/lt\/wp-json\/wp\/v2\/media\/54368"}],"wp:attachment":[{"href":"https:\/\/mudvii.eu\/lt\/wp-json\/wp\/v2\/media?parent=54308"}],"wp:term":[{"taxonomy":"product_brand","embeddable":true,"href":"https:\/\/mudvii.eu\/lt\/wp-json\/wp\/v2\/product_brand?post=54308"},{"taxonomy":"product_cat","embeddable":true,"href":"https:\/\/mudvii.eu\/lt\/wp-json\/wp\/v2\/product_cat?post=54308"},{"taxonomy":"product_tag","embeddable":true,"href":"https:\/\/mudvii.eu\/lt\/wp-json\/wp\/v2\/product_tag?post=54308"}],"curies":[{"name":"wp","href":"https:\/\/api.w.org\/{rel}","templated":true}]}}