{"id":53623,"date":"2026-02-09T14:23:52","date_gmt":"2026-02-09T12:23:52","guid":{"rendered":"https:\/\/mudvii.eu\/?post_type=product&#038;p=53623"},"modified":"2026-03-30T18:57:00","modified_gmt":"2026-03-30T16:57:00","slug":"incense-austha","status":"publish","type":"product","link":"https:\/\/mudvii.eu\/lt\/produktas\/incense-austha\/","title":{"rendered":"Smilkalai AUSTHA"},"content":{"rendered":"","protected":false},"excerpt":{"rendered":"<p><strong>Produkto apra\u0161ymas:\u00a0<\/strong><\/p>\n<p><em>Kiekvienoje d\u0117\u017eut\u0117je yra 40 smilkal\u0173 lazdeli\u0173 (kiekviena dega ma\u017edaug 30 minu\u010di\u0173) ir mini juodos keramikos smilkalin\u0117, tradici\u0161kai pagaminta naudojant atviros ugnies technik\u0105.<\/em><\/p>\n<p data-start=\"0\" data-end=\"317\">Himalaj\u0173 valerijono \u0161aknis, saldymedis ir bag\u010di sukuria \u0161ilt\u0105, jauk\u0173 aromat\u0173 mi\u0161in\u012f, tradici\u0161kai siejam\u0105 su ramybe, gausa ir emociniu lengvumu. Raminan\u010dios valerijono natos padeda atsipalaiduoti ir ramiai miegoti, o saldymedis da\u017enai siejamas su atvirumu, charizma ir \u0161velnia emocine pusiausvyra.<\/p>\n<p data-start=\"319\" data-end=\"479\" data-is-last-node=\"\" data-is-only-node=\"\">\u0160is kvapas, pam\u0117gtas d\u0117l giliai raminan\u010dio poveikio, ypa\u010d vertinamas t\u0173, kurie siekia geresnio miego, vidin\u0117s harmonijos ir puosel\u0117jan\u010dios ramyb\u0117s akimirkos.<\/p>","protected":false},"featured_media":54703,"comment_status":"open","ping_status":"closed","template":"","meta":{"_acf_changed":false},"product_brand":[],"product_cat":[15,443,461,363],"product_tag":[],"class_list":{"0":"post-53623","1":"product","2":"type-product","3":"status-publish","4":"has-post-thumbnail","6":"product_cat-all-products","7":"product_cat-gift-guide","8":"product_cat-incense","9":"product_cat-new-collection","10":"description-off","12":"first","13":"instock","14":"taxable","15":"shipping-taxable","16":"purchasable","17":"product-type-simple"},"supplier_id":null,"supplier_sku":"","atum_controlled":true,"out_stock_date":null,"out_stock_threshold":null,"inheritable":false,"inbound_stock":0,"stock_on_hold":0,"sold_today":0,"sales_last_days":0,"reserved_stock":0,"customer_returns":0,"warehouse_damage":null,"lost_in_post":null,"other_logs":null,"out_stock_days":0,"lost_sales":0,"has_location":false,"update_date":"2026-05-13T00:57:28","atum_locations":[],"atum_stock_status":"instock","restock_status":false,"low_stock_amount":"","sales_update_date":"2026-05-13T00:57:28","calc_backorders":null,"acf":[],"jetpack_sharing_enabled":true,"_links":{"self":[{"href":"https:\/\/mudvii.eu\/lt\/wp-json\/wp\/v2\/product\/53623","targetHints":{"allow":["GET"]}}],"collection":[{"href":"https:\/\/mudvii.eu\/lt\/wp-json\/wp\/v2\/product"}],"about":[{"href":"https:\/\/mudvii.eu\/lt\/wp-json\/wp\/v2\/types\/product"}],"replies":[{"embeddable":true,"href":"https:\/\/mudvii.eu\/lt\/wp-json\/wp\/v2\/comments?post=53623"}],"version-history":[{"count":1,"href":"https:\/\/mudvii.eu\/lt\/wp-json\/wp\/v2\/product\/53623\/revisions"}],"predecessor-version":[{"id":53624,"href":"https:\/\/mudvii.eu\/lt\/wp-json\/wp\/v2\/product\/53623\/revisions\/53624"}],"wp:featuredmedia":[{"embeddable":true,"href":"https:\/\/mudvii.eu\/lt\/wp-json\/wp\/v2\/media\/54703"}],"wp:attachment":[{"href":"https:\/\/mudvii.eu\/lt\/wp-json\/wp\/v2\/media?parent=53623"}],"wp:term":[{"taxonomy":"product_brand","embeddable":true,"href":"https:\/\/mudvii.eu\/lt\/wp-json\/wp\/v2\/product_brand?post=53623"},{"taxonomy":"product_cat","embeddable":true,"href":"https:\/\/mudvii.eu\/lt\/wp-json\/wp\/v2\/product_cat?post=53623"},{"taxonomy":"product_tag","embeddable":true,"href":"https:\/\/mudvii.eu\/lt\/wp-json\/wp\/v2\/product_tag?post=53623"}],"curies":[{"name":"wp","href":"https:\/\/api.w.org\/{rel}","templated":true}]}}