{"id":53617,"date":"2026-02-09T14:15:08","date_gmt":"2026-02-09T12:15:08","guid":{"rendered":"https:\/\/mudvii.eu\/?post_type=product&#038;p=53617"},"modified":"2026-04-29T10:32:24","modified_gmt":"2026-04-29T08:32:24","slug":"incense-sandalwood","status":"publish","type":"product","link":"https:\/\/mudvii.eu\/lt\/produktas\/incense-sandalwood\/","title":{"rendered":"Smilkalai SANDALWOOD"},"content":{"rendered":"","protected":false},"excerpt":{"rendered":"<p><strong>Produkto apra\u0161ymas:\u00a0<\/strong><\/p>\n<p><em>Kiekvienoje d\u0117\u017eut\u0117je yra 40 smilkal\u0173 lazdeli\u0173 (kiekviena dega ma\u017edaug 30 minu\u010di\u0173) ir mini juodos keramikos smilkalin\u0117, tradici\u0161kai pagaminta naudojant atviros ugnies technik\u0105.<\/em><\/p>\n<p data-start=\"0\" data-end=\"287\">Juodasis kardamonas, santalas ir \u0161ventasis bazilikas susijungia \u0161iltame, \u017eemi\u0161kame aromat\u0173 mi\u0161inyje, kuris skatina ramyb\u0119, ai\u0161kum\u0105 ir vidin\u0119 pusiausvyr\u0105. Tradici\u0161kai vertinamas d\u0117l atsipalaidavimo ir emocinio lengvumo, \u0161is kvapas \u0161velniai skatina i\u0161silaisvinim\u0105, s\u0105moningum\u0105 ir taiki\u0105 esamumo b\u016bsen\u0105.<\/p>\n<p data-start=\"289\" data-end=\"391\" data-is-last-node=\"\" data-is-only-node=\"\">Harmoningas aromatas, paruo\u0161iantis erdv\u0119 ir prot\u0105 meditacijai, poilsiui ar ramiems kasdieniams ritualams.<\/p>","protected":false},"featured_media":54701,"comment_status":"open","ping_status":"closed","template":"","meta":{"_acf_changed":false},"product_brand":[],"product_cat":[15,443,461,363],"product_tag":[],"class_list":{"0":"post-53617","1":"product","2":"type-product","3":"status-publish","4":"has-post-thumbnail","6":"product_cat-all-products","7":"product_cat-gift-guide","8":"product_cat-incense","9":"product_cat-new-collection","10":"description-off","12":"first","13":"instock","14":"taxable","15":"shipping-taxable","16":"purchasable","17":"product-type-simple"},"supplier_id":null,"supplier_sku":"","atum_controlled":true,"out_stock_date":null,"out_stock_threshold":null,"inheritable":false,"inbound_stock":0,"stock_on_hold":0,"sold_today":0,"sales_last_days":0,"reserved_stock":0,"customer_returns":0,"warehouse_damage":null,"lost_in_post":null,"other_logs":null,"out_stock_days":0,"lost_sales":0,"has_location":false,"update_date":"2026-05-13T00:57:28","atum_locations":[],"atum_stock_status":"instock","restock_status":false,"low_stock_amount":"","sales_update_date":"2026-05-13T00:57:28","calc_backorders":null,"acf":[],"jetpack_sharing_enabled":true,"_links":{"self":[{"href":"https:\/\/mudvii.eu\/lt\/wp-json\/wp\/v2\/product\/53617","targetHints":{"allow":["GET"]}}],"collection":[{"href":"https:\/\/mudvii.eu\/lt\/wp-json\/wp\/v2\/product"}],"about":[{"href":"https:\/\/mudvii.eu\/lt\/wp-json\/wp\/v2\/types\/product"}],"replies":[{"embeddable":true,"href":"https:\/\/mudvii.eu\/lt\/wp-json\/wp\/v2\/comments?post=53617"}],"version-history":[{"count":3,"href":"https:\/\/mudvii.eu\/lt\/wp-json\/wp\/v2\/product\/53617\/revisions"}],"predecessor-version":[{"id":53626,"href":"https:\/\/mudvii.eu\/lt\/wp-json\/wp\/v2\/product\/53617\/revisions\/53626"}],"wp:featuredmedia":[{"embeddable":true,"href":"https:\/\/mudvii.eu\/lt\/wp-json\/wp\/v2\/media\/54701"}],"wp:attachment":[{"href":"https:\/\/mudvii.eu\/lt\/wp-json\/wp\/v2\/media?parent=53617"}],"wp:term":[{"taxonomy":"product_brand","embeddable":true,"href":"https:\/\/mudvii.eu\/lt\/wp-json\/wp\/v2\/product_brand?post=53617"},{"taxonomy":"product_cat","embeddable":true,"href":"https:\/\/mudvii.eu\/lt\/wp-json\/wp\/v2\/product_cat?post=53617"},{"taxonomy":"product_tag","embeddable":true,"href":"https:\/\/mudvii.eu\/lt\/wp-json\/wp\/v2\/product_tag?post=53617"}],"curies":[{"name":"wp","href":"https:\/\/api.w.org\/{rel}","templated":true}]}}