{"id":53614,"date":"2026-02-09T14:13:27","date_gmt":"2026-02-09T12:13:27","guid":{"rendered":"https:\/\/mudvii.eu\/?post_type=product&#038;p=53614"},"modified":"2026-04-21T14:11:02","modified_gmt":"2026-04-21T12:11:02","slug":"incense-myrrh","status":"publish","type":"product","link":"https:\/\/mudvii.eu\/lt\/produktas\/incense-myrrh\/","title":{"rendered":"Smilkalai MYRRH"},"content":{"rendered":"","protected":false},"excerpt":{"rendered":"<p><strong>Produkto apra\u0161ymas:\u00a0<\/strong><\/p>\n<p><em>Kiekvienoje d\u0117\u017eut\u0117je yra 40 smilkal\u0173 lazdeli\u0173 (kiekviena dega ma\u017edaug 30 minu\u010di\u0173) ir mini juodos keramikos smilkalin\u0117, tradici\u0161kai pagaminta naudojant atviros ugnies technik\u0105.<\/em><\/p>\n<p data-start=\"0\" data-end=\"303\">Miros smilkalai, praturtinti gvazdik\u0117liais, raudon\u0105ja ciber\u017eole (Kum Kum) ir sugandaval \u2013 Himalaj\u0173 valerijon\u0173 \u0161eimos augalu \u2013 sukuria \u0161ilt\u0105, giliai raminant\u012f aromatin\u012f mi\u0161in\u012f. Tradici\u0161kai vertinami d\u0117l atsipalaidavimo, emocinio \u012f\u017eeminimo ir ramaus miego palaikymo, jie padeda suma\u017einti \u012ftamp\u0105 ir \u0161velniai sutelkti prot\u0105.<\/p>\n<p data-start=\"305\" data-end=\"395\" data-is-last-node=\"\" data-is-only-node=\"\">Jo \u0161velnus, jaukus kvapas suteikia ramyb\u0117s, skaidrumo ir vidin\u0117s pusiausvyros poj\u016bt\u012f.<\/p>","protected":false},"featured_media":54697,"comment_status":"open","ping_status":"closed","template":"","meta":{"_acf_changed":false},"product_brand":[],"product_cat":[15,443,461,363],"product_tag":[],"class_list":{"0":"post-53614","1":"product","2":"type-product","3":"status-publish","4":"has-post-thumbnail","6":"product_cat-all-products","7":"product_cat-gift-guide","8":"product_cat-incense","9":"product_cat-new-collection","10":"description-off","12":"first","13":"instock","14":"taxable","15":"shipping-taxable","16":"purchasable","17":"product-type-simple"},"supplier_id":null,"supplier_sku":"","atum_controlled":true,"out_stock_date":null,"out_stock_threshold":null,"inheritable":false,"inbound_stock":0,"stock_on_hold":0,"sold_today":0,"sales_last_days":0,"reserved_stock":0,"customer_returns":0,"warehouse_damage":null,"lost_in_post":null,"other_logs":null,"out_stock_days":0,"lost_sales":0,"has_location":false,"update_date":"2026-05-13T00:57:28","atum_locations":[],"atum_stock_status":"instock","restock_status":false,"low_stock_amount":"","sales_update_date":"2026-05-13T00:57:28","calc_backorders":null,"acf":[],"jetpack_sharing_enabled":true,"_links":{"self":[{"href":"https:\/\/mudvii.eu\/lt\/wp-json\/wp\/v2\/product\/53614","targetHints":{"allow":["GET"]}}],"collection":[{"href":"https:\/\/mudvii.eu\/lt\/wp-json\/wp\/v2\/product"}],"about":[{"href":"https:\/\/mudvii.eu\/lt\/wp-json\/wp\/v2\/types\/product"}],"replies":[{"embeddable":true,"href":"https:\/\/mudvii.eu\/lt\/wp-json\/wp\/v2\/comments?post=53614"}],"version-history":[{"count":3,"href":"https:\/\/mudvii.eu\/lt\/wp-json\/wp\/v2\/product\/53614\/revisions"}],"predecessor-version":[{"id":53625,"href":"https:\/\/mudvii.eu\/lt\/wp-json\/wp\/v2\/product\/53614\/revisions\/53625"}],"wp:featuredmedia":[{"embeddable":true,"href":"https:\/\/mudvii.eu\/lt\/wp-json\/wp\/v2\/media\/54697"}],"wp:attachment":[{"href":"https:\/\/mudvii.eu\/lt\/wp-json\/wp\/v2\/media?parent=53614"}],"wp:term":[{"taxonomy":"product_brand","embeddable":true,"href":"https:\/\/mudvii.eu\/lt\/wp-json\/wp\/v2\/product_brand?post=53614"},{"taxonomy":"product_cat","embeddable":true,"href":"https:\/\/mudvii.eu\/lt\/wp-json\/wp\/v2\/product_cat?post=53614"},{"taxonomy":"product_tag","embeddable":true,"href":"https:\/\/mudvii.eu\/lt\/wp-json\/wp\/v2\/product_tag?post=53614"}],"curies":[{"name":"wp","href":"https:\/\/api.w.org\/{rel}","templated":true}]}}