{"id":53385,"date":"2026-01-24T22:02:32","date_gmt":"2026-01-24T20:02:32","guid":{"rendered":"https:\/\/mudvii.eu\/?post_type=product&#038;p=53385"},"modified":"2026-04-23T11:43:51","modified_gmt":"2026-04-23T09:43:51","slug":"sweatshirt-ease-black","status":"publish","type":"product","link":"https:\/\/mudvii.eu\/lt\/produktas\/sweatshirt-ease-black\/","title":{"rendered":"Sweatshirt EASE"},"content":{"rendered":"<p><strong>Sud\u0117tis:<\/strong><br \/>\n100 % medviln\u0117.<\/p>\n<p><strong>Prie\u017ei\u016bra:<\/strong><br \/>\nSkalbti 30 laipsni\u0173 ar \u017eemesn\u0117je temperat\u016broje. Naudokite \u0161veln\u0173 skalbikl\u012f. Stiprios chemin\u0117s med\u017eiagos gali i\u0161blukinti spalvas. Ned\u017eiovinti d\u017eiovykl\u0117je.<\/p>","protected":false},"excerpt":{"rendered":"<p><strong>Produkto apra\u0161ymas:\u00a0<\/strong><\/p>\n<p data-start=\"277\" data-end=\"459\">Sukurtas pasitik\u0117jimui savimi, EASE d\u017eemperis suderina strukt\u016br\u0105 ir mink\u0161tum\u0105, leisdamas jaustis patogiai ir susikaupusiai. Minimalistinis siluetas skland\u017eiai dera tiek ramiuose rytuose, tiek mieste, pritaikytas j\u016bs\u0173 stiliui \u2013 atsipalaidav\u0119s, bet apgalvotas.<\/p>","protected":false},"featured_media":53363,"comment_status":"open","ping_status":"closed","template":"","meta":{"_acf_changed":false},"product_brand":[],"product_cat":[15,353,363,373,381],"product_tag":[447,452,286,448,401],"class_list":{"0":"post-53385","1":"product","2":"type-product","3":"status-publish","4":"has-post-thumbnail","6":"product_cat-all-products","7":"product_cat-leisurewear","8":"product_cat-new-collection","9":"product_cat-soft-french-terry-sweatshirts","10":"product_cat-your-favorites","11":"product_tag-autumn","12":"product_tag-basic","13":"product_tag-leisurewear","14":"product_tag-spring","15":"product_tag-sweatshirt-with-a-zipper","16":"description-off","18":"first","19":"instock","20":"taxable","21":"shipping-taxable","22":"purchasable","23":"product-type-variable"},"supplier_id":null,"supplier_sku":"","atum_controlled":true,"out_stock_date":null,"out_stock_threshold":null,"inheritable":true,"inbound_stock":0,"stock_on_hold":0,"sold_today":0,"sales_last_days":0,"reserved_stock":0,"customer_returns":0,"warehouse_damage":null,"lost_in_post":null,"other_logs":null,"out_stock_days":0,"lost_sales":0,"has_location":false,"update_date":"2026-05-01T00:49:02","atum_locations":[],"atum_stock_status":"instock","restock_status":false,"low_stock_amount":"","sales_update_date":"2026-05-01T00:49:02","calc_backorders":null,"acf":[],"jetpack_sharing_enabled":true,"_links":{"self":[{"href":"https:\/\/mudvii.eu\/lt\/wp-json\/wp\/v2\/product\/53385","targetHints":{"allow":["GET"]}}],"collection":[{"href":"https:\/\/mudvii.eu\/lt\/wp-json\/wp\/v2\/product"}],"about":[{"href":"https:\/\/mudvii.eu\/lt\/wp-json\/wp\/v2\/types\/product"}],"replies":[{"embeddable":true,"href":"https:\/\/mudvii.eu\/lt\/wp-json\/wp\/v2\/comments?post=53385"}],"version-history":[{"count":10,"href":"https:\/\/mudvii.eu\/lt\/wp-json\/wp\/v2\/product\/53385\/revisions"}],"predecessor-version":[{"id":54947,"href":"https:\/\/mudvii.eu\/lt\/wp-json\/wp\/v2\/product\/53385\/revisions\/54947"}],"wp:featuredmedia":[{"embeddable":true,"href":"https:\/\/mudvii.eu\/lt\/wp-json\/wp\/v2\/media\/53363"}],"wp:attachment":[{"href":"https:\/\/mudvii.eu\/lt\/wp-json\/wp\/v2\/media?parent=53385"}],"wp:term":[{"taxonomy":"product_brand","embeddable":true,"href":"https:\/\/mudvii.eu\/lt\/wp-json\/wp\/v2\/product_brand?post=53385"},{"taxonomy":"product_cat","embeddable":true,"href":"https:\/\/mudvii.eu\/lt\/wp-json\/wp\/v2\/product_cat?post=53385"},{"taxonomy":"product_tag","embeddable":true,"href":"https:\/\/mudvii.eu\/lt\/wp-json\/wp\/v2\/product_tag?post=53385"}],"curies":[{"name":"wp","href":"https:\/\/api.w.org\/{rel}","templated":true}]}}