{"id":50467,"date":"2025-12-03T11:30:33","date_gmt":"2025-12-03T09:30:33","guid":{"rendered":"https:\/\/ukiyoagency.shop\/?post_type=product&#038;p=50467"},"modified":"2026-05-08T13:06:25","modified_gmt":"2026-05-08T11:06:25","slug":"wool-coat-independence-grey","status":"publish","type":"product","link":"https:\/\/mudvii.eu\/lt\/produktas\/wool-coat-independence-grey\/","title":{"rendered":"Vilnos paltas INDEPENDENCE"},"content":{"rendered":"<p><strong>Sud\u0117tis:<\/strong><br \/>\n70% grynos vilnos \/ 10% ka\u0161myro \/ 20% poliesterio. Pamu\u0161alas: 100% viskoz\u0117s<\/p>\n<p><strong>Prie\u017ei\u016bra:<\/strong><br \/>\nTik sausas valymas.<\/p>","protected":false},"excerpt":{"rendered":"<p><strong>Produkto apra\u0161ymas:<\/strong><\/p>\n<p>Nesenstantis rafinuotumas gryniausia forma.<br data-start=\"350\" data-end=\"353\" \/>Ilgas, dvieilis ka\u0161myro mi\u0161inio paltas su rafinuotu siluetu ir i\u0161rai\u0161kingomis detal\u0117mis \u2013 subtiliai plat\u0117jan\u010diomis rankov\u0117mis, firminiais MUDVII logotipo sagomis ir nepriekai\u0161tingu kirpimu. Kiekviena detal\u0117 byloja apie tyli\u0105 prabang\u0105, sukurta siekiant pabr\u0117\u017eti kiekvienos moters paprastumo ir stipryb\u0117s gro\u017e\u012f. Nepriklausomyb\u0117s atspindys \u2013 rami, pasitikinti savimi ir be galo eleganti\u0161ka.<\/p>","protected":false},"featured_media":47403,"comment_status":"open","ping_status":"closed","template":"","meta":{"_acf_changed":false},"product_brand":[],"product_cat":[15,386,363,366],"product_tag":[447,451,450],"class_list":{"0":"post-50467","1":"product","2":"type-product","3":"status-publish","4":"has-post-thumbnail","6":"product_cat-all-products","7":"product_cat-coats","8":"product_cat-new-collection","9":"product_cat-sale","10":"product_tag-autumn","11":"product_tag-classic","12":"product_tag-winter","13":"description-off","15":"first","16":"instock","17":"sale","18":"taxable","19":"shipping-taxable","20":"purchasable","21":"product-type-variable"},"supplier_id":null,"supplier_sku":"","atum_controlled":true,"out_stock_date":null,"out_stock_threshold":null,"inheritable":true,"inbound_stock":0,"stock_on_hold":0,"sold_today":0,"sales_last_days":1,"reserved_stock":0,"customer_returns":0,"warehouse_damage":null,"lost_in_post":null,"other_logs":null,"out_stock_days":0,"lost_sales":0,"has_location":false,"update_date":"2026-05-13T00:57:29","atum_locations":[],"atum_stock_status":"instock","restock_status":false,"low_stock_amount":"","sales_update_date":"2026-05-13T00:57:29","calc_backorders":null,"acf":[],"jetpack_sharing_enabled":true,"_links":{"self":[{"href":"https:\/\/mudvii.eu\/lt\/wp-json\/wp\/v2\/product\/50467","targetHints":{"allow":["GET"]}}],"collection":[{"href":"https:\/\/mudvii.eu\/lt\/wp-json\/wp\/v2\/product"}],"about":[{"href":"https:\/\/mudvii.eu\/lt\/wp-json\/wp\/v2\/types\/product"}],"replies":[{"embeddable":true,"href":"https:\/\/mudvii.eu\/lt\/wp-json\/wp\/v2\/comments?post=50467"}],"version-history":[{"count":3,"href":"https:\/\/mudvii.eu\/lt\/wp-json\/wp\/v2\/product\/50467\/revisions"}],"predecessor-version":[{"id":50794,"href":"https:\/\/mudvii.eu\/lt\/wp-json\/wp\/v2\/product\/50467\/revisions\/50794"}],"wp:featuredmedia":[{"embeddable":true,"href":"https:\/\/mudvii.eu\/lt\/wp-json\/wp\/v2\/media\/47403"}],"wp:attachment":[{"href":"https:\/\/mudvii.eu\/lt\/wp-json\/wp\/v2\/media?parent=50467"}],"wp:term":[{"taxonomy":"product_brand","embeddable":true,"href":"https:\/\/mudvii.eu\/lt\/wp-json\/wp\/v2\/product_brand?post=50467"},{"taxonomy":"product_cat","embeddable":true,"href":"https:\/\/mudvii.eu\/lt\/wp-json\/wp\/v2\/product_cat?post=50467"},{"taxonomy":"product_tag","embeddable":true,"href":"https:\/\/mudvii.eu\/lt\/wp-json\/wp\/v2\/product_tag?post=50467"}],"curies":[{"name":"wp","href":"https:\/\/api.w.org\/{rel}","templated":true}]}}