{"id":50460,"date":"2025-12-03T11:29:53","date_gmt":"2025-12-03T09:29:53","guid":{"rendered":"https:\/\/ukiyoagency.shop\/?post_type=product&#038;p=50460"},"modified":"2026-03-23T09:17:04","modified_gmt":"2026-03-23T07:17:04","slug":"dress-flow-champagne","status":"publish","type":"product","link":"https:\/\/mudvii.eu\/lt\/produktas\/dress-flow-champagne\/","title":{"rendered":"Suknel\u0117 FLOW"},"content":{"rendered":"<p><strong>Sud\u0117tis:<\/strong><br \/>\n100% viskoz\u0117<\/p>\n<p><strong>Prie\u017ei\u016bra:<\/strong><br \/>\nSkalbti 40 laipsni\u0173 arba \u017eemesn\u0117je temperat\u016broje, nebalinti, valyti \u0161velniu cheminiu b\u016bdu, d\u017eiovinti \u017eemoje temperat\u016broje. Lyginti vidutin\u0117je temperat\u016broje.<\/p>","protected":false},"excerpt":{"rendered":"<p>Composition: 100% viscose Care: Wash at or below 40 degrees, do not bleach, gentle dry clean, low heat dry. Iron at medium temperature.<\/p>","protected":false},"featured_media":24278,"comment_status":"open","ping_status":"closed","template":"","meta":{"_acf_changed":false},"product_brand":[],"product_cat":[15,348,366],"product_tag":[449],"class_list":{"0":"post-50460","1":"product","2":"type-product","3":"status-publish","4":"has-post-thumbnail","6":"product_cat-all-products","7":"product_cat-dress","8":"product_cat-sale","9":"product_tag-summer","10":"description-off","12":"first","13":"instock","14":"sale","15":"taxable","16":"shipping-taxable","17":"purchasable","18":"product-type-variable"},"supplier_id":null,"supplier_sku":"","atum_controlled":true,"out_stock_date":null,"out_stock_threshold":null,"inheritable":true,"inbound_stock":0,"stock_on_hold":0,"sold_today":0,"sales_last_days":0,"reserved_stock":0,"customer_returns":0,"warehouse_damage":null,"lost_in_post":null,"other_logs":null,"out_stock_days":0,"lost_sales":0,"has_location":false,"update_date":"2026-04-19T00:39:12","atum_locations":[],"atum_stock_status":"instock","restock_status":false,"low_stock_amount":"","sales_update_date":"2026-04-19T00:39:12","calc_backorders":null,"acf":[],"jetpack_sharing_enabled":true,"_links":{"self":[{"href":"https:\/\/mudvii.eu\/lt\/wp-json\/wp\/v2\/product\/50460","targetHints":{"allow":["GET"]}}],"collection":[{"href":"https:\/\/mudvii.eu\/lt\/wp-json\/wp\/v2\/product"}],"about":[{"href":"https:\/\/mudvii.eu\/lt\/wp-json\/wp\/v2\/types\/product"}],"replies":[{"embeddable":true,"href":"https:\/\/mudvii.eu\/lt\/wp-json\/wp\/v2\/comments?post=50460"}],"version-history":[{"count":6,"href":"https:\/\/mudvii.eu\/lt\/wp-json\/wp\/v2\/product\/50460\/revisions"}],"predecessor-version":[{"id":51442,"href":"https:\/\/mudvii.eu\/lt\/wp-json\/wp\/v2\/product\/50460\/revisions\/51442"}],"wp:featuredmedia":[{"embeddable":true,"href":"https:\/\/mudvii.eu\/lt\/wp-json\/wp\/v2\/media\/24278"}],"wp:attachment":[{"href":"https:\/\/mudvii.eu\/lt\/wp-json\/wp\/v2\/media?parent=50460"}],"wp:term":[{"taxonomy":"product_brand","embeddable":true,"href":"https:\/\/mudvii.eu\/lt\/wp-json\/wp\/v2\/product_brand?post=50460"},{"taxonomy":"product_cat","embeddable":true,"href":"https:\/\/mudvii.eu\/lt\/wp-json\/wp\/v2\/product_cat?post=50460"},{"taxonomy":"product_tag","embeddable":true,"href":"https:\/\/mudvii.eu\/lt\/wp-json\/wp\/v2\/product_tag?post=50460"}],"curies":[{"name":"wp","href":"https:\/\/api.w.org\/{rel}","templated":true}]}}