{"id":50456,"date":"2025-12-03T11:29:22","date_gmt":"2025-12-03T09:29:22","guid":{"rendered":"https:\/\/ukiyoagency.shop\/?post_type=product&#038;p=50456"},"modified":"2026-04-17T09:35:57","modified_gmt":"2026-04-17T07:35:57","slug":"trench-coat-journey-camel","status":"publish","type":"product","link":"https:\/\/mudvii.eu\/lt\/produktas\/trench-coat-journey-camel\/","title":{"rendered":"Lietpaltis JOURNEY"},"content":{"rendered":"<p><strong>Sud\u0117tis:<\/strong><br \/>\n55% poliesteris \/ 45% medviln\u0117 | Pamu\u0161alas: 100% viskoz\u0117.<\/p>\n<p><strong>Prie\u017ei\u016bra:<\/strong><br \/>\nSkalbti 30 laipsni\u0173 arba \u017eemesn\u0117je temperat\u016broje, ned\u017eiovinti d\u017eiovykl\u0117je, nebalinti.<\/p>","protected":false},"excerpt":{"rendered":"<p><strong>Produkto apra\u0161ymas:<\/strong><\/p>\n<p data-start=\"165\" data-end=\"461\">Sukurtas moterims, vertinan\u010dioms lengv\u0105 elegancij\u0105 ir kasdien\u012f funkcionalum\u0105, \u0161is lietpaltis pasi\u016btas i\u0161 vandeniui atsparaus, vandeniui atsparaus audinio, kuris i\u0161laiko jus sausas ir patogias. Lengva med\u017eiaga lengvai valoma ir pri\u017ei\u016brima, tod\u0117l u\u017etikrina ilgalaik\u012f d\u0117v\u0117jim\u0105. Reglano kirpimas sukuria mink\u0161t\u0105, balionini\u0173 rankovi\u0173 siluet\u0105, o ilgas, universalus dir\u017eas leid\u017eia j\u012f derinti dviem b\u016bdais \u2013 suri\u0161ant sagtimi arba suri\u0161ant laisvu mazgu. Puikiai tinka pereinamiesiems sezonams, jis sujungia stili\u0173, patogum\u0105 ir prakti\u0161kum\u0105 \u012f vien\u0105 nesenstant\u012f drabu\u017e\u012f.<\/p>\n<div id=\"gtx-trans\" style=\"position: absolute; left: -5px; top: 33.3379px;\">\n<div class=\"gtx-trans-icon\"><\/div>\n<\/div>","protected":false},"featured_media":24252,"comment_status":"open","ping_status":"closed","template":"","meta":{"_acf_changed":false},"product_brand":[],"product_cat":[15,340,363],"product_tag":[447,451,448],"class_list":{"0":"post-50456","1":"product","2":"type-product","3":"status-publish","4":"has-post-thumbnail","6":"product_cat-all-products","7":"product_cat-trench-coats","8":"product_cat-new-collection","9":"product_tag-autumn","10":"product_tag-classic","11":"product_tag-spring","12":"description-off","14":"first","15":"instock","16":"taxable","17":"shipping-taxable","18":"purchasable","19":"product-type-variable"},"supplier_id":null,"supplier_sku":"","atum_controlled":true,"out_stock_date":null,"out_stock_threshold":null,"inheritable":true,"inbound_stock":0,"stock_on_hold":0,"sold_today":0,"sales_last_days":0,"reserved_stock":0,"customer_returns":0,"warehouse_damage":null,"lost_in_post":null,"other_logs":null,"out_stock_days":0,"lost_sales":0,"has_location":false,"update_date":"2026-05-15T00:59:58","atum_locations":[],"atum_stock_status":"instock","restock_status":false,"low_stock_amount":"","sales_update_date":"2026-05-15T00:59:58","calc_backorders":null,"acf":[],"jetpack_sharing_enabled":true,"_links":{"self":[{"href":"https:\/\/mudvii.eu\/lt\/wp-json\/wp\/v2\/product\/50456","targetHints":{"allow":["GET"]}}],"collection":[{"href":"https:\/\/mudvii.eu\/lt\/wp-json\/wp\/v2\/product"}],"about":[{"href":"https:\/\/mudvii.eu\/lt\/wp-json\/wp\/v2\/types\/product"}],"replies":[{"embeddable":true,"href":"https:\/\/mudvii.eu\/lt\/wp-json\/wp\/v2\/comments?post=50456"}],"version-history":[{"count":8,"href":"https:\/\/mudvii.eu\/lt\/wp-json\/wp\/v2\/product\/50456\/revisions"}],"predecessor-version":[{"id":51149,"href":"https:\/\/mudvii.eu\/lt\/wp-json\/wp\/v2\/product\/50456\/revisions\/51149"}],"wp:featuredmedia":[{"embeddable":true,"href":"https:\/\/mudvii.eu\/lt\/wp-json\/wp\/v2\/media\/24252"}],"wp:attachment":[{"href":"https:\/\/mudvii.eu\/lt\/wp-json\/wp\/v2\/media?parent=50456"}],"wp:term":[{"taxonomy":"product_brand","embeddable":true,"href":"https:\/\/mudvii.eu\/lt\/wp-json\/wp\/v2\/product_brand?post=50456"},{"taxonomy":"product_cat","embeddable":true,"href":"https:\/\/mudvii.eu\/lt\/wp-json\/wp\/v2\/product_cat?post=50456"},{"taxonomy":"product_tag","embeddable":true,"href":"https:\/\/mudvii.eu\/lt\/wp-json\/wp\/v2\/product_tag?post=50456"}],"curies":[{"name":"wp","href":"https:\/\/api.w.org\/{rel}","templated":true}]}}