{"id":50058,"date":"2025-12-03T02:30:37","date_gmt":"2025-12-03T00:30:37","guid":{"rendered":"https:\/\/ukiyoagency.shop\/?post_type=product&#038;p=50058"},"modified":"2026-04-19T19:31:30","modified_gmt":"2026-04-19T17:31:30","slug":"wool-jacket-passion","status":"publish","type":"product","link":"https:\/\/mudvii.eu\/lt\/produktas\/wool-jacket-passion\/","title":{"rendered":"Vilnos \u0160varkas PASSION"},"content":{"rendered":"<p><strong>Sud\u0117tis:<\/strong><br \/>\n100% gryna vilna | Pamu\u0161alas: 100% viskoz\u0117<\/p>\n<p><strong>Prie\u017ei\u016bra:<\/strong><br \/>\nTik sausas valymas.<\/p>","protected":false},"excerpt":{"rendered":"<p data-start=\"167\" data-end=\"433\"><strong>Produkto apra\u0161ymas:\u00a0<\/strong><\/p>\n<p data-start=\"167\" data-end=\"433\">I\u0161skirtinis drabu\u017eis, kuriame puikiai dera tvirtumas ir mink\u0161tumas. Pagamintas i\u0161 100 % auk\u0161\u010diausios kokyb\u0117s vilnos, \u0161is \u0161varkas pasi\u017eymi i\u0161skirtiniu dvieiliu dizainu su pary\u0161kintais pe\u010diais, kurie sukuria galing\u0105, pasitikin\u010dio savimi siluet\u0105. A\u0161tri apykakl\u0117 ir \u0161varios, strukt\u016bruotos linijos primena modern\u0173 rafinuotum\u0105, o i\u0161skirtinai mink\u0161ta tekst\u016bra ir subtilus, moteri\u0161kas atspalvis suteikia ramyb\u0117s ir elegancijos poj\u016bt\u012f. Puikiai tinkantis sluoksniavimui, jis gali b\u016bti d\u0117vimas kaip \u0161varkas arba trumpas paltas, lengvai pritaikomas prie skirting\u0173 met\u0173 laik\u0173 ir prog\u0173.<\/p>","protected":false},"featured_media":50106,"comment_status":"open","ping_status":"closed","template":"","meta":{"_acf_changed":false},"product_brand":[],"product_cat":[15,346,386,443,363,366,381],"product_tag":[447,451,448,450,432],"class_list":{"0":"post-50058","1":"product","2":"type-product","3":"status-publish","4":"has-post-thumbnail","6":"product_cat-all-products","7":"product_cat-classic-collection","8":"product_cat-coats","9":"product_cat-gift-guide","10":"product_cat-new-collection","11":"product_cat-sale","12":"product_cat-your-favorites","13":"product_tag-autumn","14":"product_tag-classic","15":"product_tag-spring","16":"product_tag-winter","17":"product_tag-wool-jacket-passion","18":"description-off","20":"first","21":"instock","22":"sale","23":"taxable","24":"shipping-taxable","25":"purchasable","26":"product-type-variable"},"supplier_id":null,"supplier_sku":"","atum_controlled":true,"out_stock_date":null,"out_stock_threshold":null,"inheritable":true,"inbound_stock":0,"stock_on_hold":0,"sold_today":0,"sales_last_days":0,"reserved_stock":0,"customer_returns":0,"warehouse_damage":null,"lost_in_post":null,"other_logs":null,"out_stock_days":0,"lost_sales":0,"has_location":false,"update_date":"2026-05-06T00:51:06","atum_locations":[],"atum_stock_status":"instock","restock_status":false,"low_stock_amount":"","sales_update_date":"2026-05-06T00:51:06","calc_backorders":null,"acf":[],"jetpack_sharing_enabled":true,"_links":{"self":[{"href":"https:\/\/mudvii.eu\/lt\/wp-json\/wp\/v2\/product\/50058","targetHints":{"allow":["GET"]}}],"collection":[{"href":"https:\/\/mudvii.eu\/lt\/wp-json\/wp\/v2\/product"}],"about":[{"href":"https:\/\/mudvii.eu\/lt\/wp-json\/wp\/v2\/types\/product"}],"replies":[{"embeddable":true,"href":"https:\/\/mudvii.eu\/lt\/wp-json\/wp\/v2\/comments?post=50058"}],"version-history":[{"count":5,"href":"https:\/\/mudvii.eu\/lt\/wp-json\/wp\/v2\/product\/50058\/revisions"}],"predecessor-version":[{"id":51450,"href":"https:\/\/mudvii.eu\/lt\/wp-json\/wp\/v2\/product\/50058\/revisions\/51450"}],"wp:featuredmedia":[{"embeddable":true,"href":"https:\/\/mudvii.eu\/lt\/wp-json\/wp\/v2\/media\/50106"}],"wp:attachment":[{"href":"https:\/\/mudvii.eu\/lt\/wp-json\/wp\/v2\/media?parent=50058"}],"wp:term":[{"taxonomy":"product_brand","embeddable":true,"href":"https:\/\/mudvii.eu\/lt\/wp-json\/wp\/v2\/product_brand?post=50058"},{"taxonomy":"product_cat","embeddable":true,"href":"https:\/\/mudvii.eu\/lt\/wp-json\/wp\/v2\/product_cat?post=50058"},{"taxonomy":"product_tag","embeddable":true,"href":"https:\/\/mudvii.eu\/lt\/wp-json\/wp\/v2\/product_tag?post=50058"}],"curies":[{"name":"wp","href":"https:\/\/api.w.org\/{rel}","templated":true}]}}