{"id":50055,"date":"2025-12-03T02:30:37","date_gmt":"2025-12-03T00:30:37","guid":{"rendered":"https:\/\/ukiyoagency.shop\/?post_type=product&#038;p=50055"},"modified":"2026-05-11T14:36:13","modified_gmt":"2026-05-11T12:36:13","slug":"velvet-trousers-humble-white","status":"publish","type":"product","link":"https:\/\/mudvii.eu\/lt\/produktas\/velvet-trousers-humble-white\/","title":{"rendered":"Velvetin\u0117s keln\u0117s HUMBLE"},"content":{"rendered":"<p><strong>Sud\u0117tis:<\/strong><br \/>\n95% medviln\u0117s, 5% elastano<\/p>\n<p><strong>Prie\u017ei\u016bra:<\/strong><br \/>\nSkalbti 30 laipsni\u0173 arba \u017eemesn\u0117je temperat\u016broje, ned\u017eiovinti d\u017eiovykl\u0117je, d\u017eiovinti i\u0161tiest\u0105.<\/p>","protected":false},"excerpt":{"rendered":"<p><strong>Produkto apra\u0161ymas:\u00a0<\/strong><\/p>\n<p data-start=\"277\" data-end=\"459\">Nesenstantis siluetas, atnaujintas i\u0161 mink\u0161to, skysto aksomo. \u0160ios laisvo kirpimo keln\u0117s gra\u017eiai krenta ir pailgina kiekvien\u0105 k\u016bno form\u0105, derindamos klasikin\u012f dizain\u0105 su ilgalaikiu komfortu. Aksomin\u0117 tekst\u016bra suteikia akimirksniu \u0161ilumos ir jaukumo poj\u016bt\u012f, tod\u0117l jos puikiai tinka v\u0117sesn\u0117ms dienoms ir atsipalaidavusiam, bet rafinuotam apsirengimui.<br data-start=\"606\" data-end=\"609\" \/>An enduring wardrobe essential, designed to move gracefully and feel effortlessly luxurious.<\/p>","protected":false},"featured_media":50109,"comment_status":"open","ping_status":"closed","template":"","meta":{"_acf_changed":false},"product_brand":[],"product_cat":[15,363,378,381],"product_tag":[447,451,448,434,450],"class_list":{"0":"post-50055","1":"product","2":"type-product","3":"status-publish","4":"has-post-thumbnail","6":"product_cat-all-products","7":"product_cat-new-collection","8":"product_cat-trousers","9":"product_cat-your-favorites","10":"product_tag-autumn","11":"product_tag-classic","12":"product_tag-spring","13":"product_tag-trousers-humble","14":"product_tag-winter","15":"description-off","17":"first","18":"instock","19":"taxable","20":"shipping-taxable","21":"purchasable","22":"product-type-variable"},"supplier_id":null,"supplier_sku":"","atum_controlled":true,"out_stock_date":null,"out_stock_threshold":null,"inheritable":true,"inbound_stock":0,"stock_on_hold":0,"sold_today":0,"sales_last_days":2,"reserved_stock":0,"customer_returns":0,"warehouse_damage":null,"lost_in_post":null,"other_logs":null,"out_stock_days":0,"lost_sales":0,"has_location":false,"update_date":"2026-05-15T01:00:01","atum_locations":[],"atum_stock_status":"instock","restock_status":false,"low_stock_amount":"","sales_update_date":"2026-05-15T01:00:01","calc_backorders":null,"acf":[],"jetpack_sharing_enabled":true,"_links":{"self":[{"href":"https:\/\/mudvii.eu\/lt\/wp-json\/wp\/v2\/product\/50055","targetHints":{"allow":["GET"]}}],"collection":[{"href":"https:\/\/mudvii.eu\/lt\/wp-json\/wp\/v2\/product"}],"about":[{"href":"https:\/\/mudvii.eu\/lt\/wp-json\/wp\/v2\/types\/product"}],"replies":[{"embeddable":true,"href":"https:\/\/mudvii.eu\/lt\/wp-json\/wp\/v2\/comments?post=50055"}],"version-history":[{"count":10,"href":"https:\/\/mudvii.eu\/lt\/wp-json\/wp\/v2\/product\/50055\/revisions"}],"predecessor-version":[{"id":53338,"href":"https:\/\/mudvii.eu\/lt\/wp-json\/wp\/v2\/product\/50055\/revisions\/53338"}],"wp:featuredmedia":[{"embeddable":true,"href":"https:\/\/mudvii.eu\/lt\/wp-json\/wp\/v2\/media\/50109"}],"wp:attachment":[{"href":"https:\/\/mudvii.eu\/lt\/wp-json\/wp\/v2\/media?parent=50055"}],"wp:term":[{"taxonomy":"product_brand","embeddable":true,"href":"https:\/\/mudvii.eu\/lt\/wp-json\/wp\/v2\/product_brand?post=50055"},{"taxonomy":"product_cat","embeddable":true,"href":"https:\/\/mudvii.eu\/lt\/wp-json\/wp\/v2\/product_cat?post=50055"},{"taxonomy":"product_tag","embeddable":true,"href":"https:\/\/mudvii.eu\/lt\/wp-json\/wp\/v2\/product_tag?post=50055"}],"curies":[{"name":"wp","href":"https:\/\/api.w.org\/{rel}","templated":true}]}}