{"id":49932,"date":"2025-12-03T02:20:58","date_gmt":"2025-12-03T00:20:58","guid":{"rendered":"https:\/\/ukiyoagency.shop\/?post_type=product&#038;p=49932"},"modified":"2026-05-14T19:33:35","modified_gmt":"2026-05-14T17:33:35","slug":"sweatshirt-balance-taupe","status":"publish","type":"product","link":"https:\/\/mudvii.eu\/lt\/produktas\/sweatshirt-balance-taupe\/","title":{"rendered":"D\u017eemperis BALANCE"},"content":{"rendered":"<p><strong>Sud\u0117tis:<\/strong><br \/>\n80% medviln\u0117s, 20% poliesterio<\/p>\n<p><strong>Prie\u017ei\u016bra:<\/strong><br \/>\nSkalbti i\u0161virk\u0161\u010di\u0105ja puse \u012f vid\u0173 30 laipsni\u0173 ar \u017eemesn\u0117je temperat\u016broje. Naudokite \u0161veln\u0173 skalbikl\u012f. Stiprios chemin\u0117s med\u017eiagos gali i\u0161blukinti spalvas. Ned\u017eiovinti d\u017eiovykl\u0117je.<\/p>","protected":false},"excerpt":{"rendered":"<p>Composition: 80% cotton; 20% polyester. Care: Wash inside out at 30 degrees or less. Use soft detergent. Hard chemicals can cause color wash. Do not use tumble dry.<\/p>","protected":false},"featured_media":50001,"comment_status":"open","ping_status":"closed","template":"","meta":{"_acf_changed":false},"product_brand":[],"product_cat":[15,350,353,363,366],"product_tag":[447,452,286,448,401],"class_list":{"0":"post-49932","1":"product","2":"type-product","3":"status-publish","4":"has-post-thumbnail","6":"product_cat-all-products","7":"product_cat-french-terry-sweatshirts","8":"product_cat-leisurewear","9":"product_cat-new-collection","10":"product_cat-sale","11":"product_tag-autumn","12":"product_tag-basic","13":"product_tag-leisurewear","14":"product_tag-spring","15":"product_tag-sweatshirt-with-a-zipper","16":"description-off","18":"first","19":"instock","20":"sale","21":"taxable","22":"shipping-taxable","23":"purchasable","24":"product-type-variable"},"supplier_id":null,"supplier_sku":"","atum_controlled":true,"out_stock_date":null,"out_stock_threshold":null,"inheritable":true,"inbound_stock":0,"stock_on_hold":0,"sold_today":0,"sales_last_days":1,"reserved_stock":0,"customer_returns":0,"warehouse_damage":null,"lost_in_post":null,"other_logs":null,"out_stock_days":0,"lost_sales":0,"has_location":false,"update_date":"2026-05-15T07:14:50","atum_locations":[],"atum_stock_status":"instock","restock_status":false,"low_stock_amount":"","sales_update_date":"2026-05-15T01:00:02","calc_backorders":null,"acf":[],"jetpack_sharing_enabled":true,"_links":{"self":[{"href":"https:\/\/mudvii.eu\/lt\/wp-json\/wp\/v2\/product\/49932","targetHints":{"allow":["GET"]}}],"collection":[{"href":"https:\/\/mudvii.eu\/lt\/wp-json\/wp\/v2\/product"}],"about":[{"href":"https:\/\/mudvii.eu\/lt\/wp-json\/wp\/v2\/types\/product"}],"replies":[{"embeddable":true,"href":"https:\/\/mudvii.eu\/lt\/wp-json\/wp\/v2\/comments?post=49932"}],"version-history":[{"count":9,"href":"https:\/\/mudvii.eu\/lt\/wp-json\/wp\/v2\/product\/49932\/revisions"}],"predecessor-version":[{"id":51495,"href":"https:\/\/mudvii.eu\/lt\/wp-json\/wp\/v2\/product\/49932\/revisions\/51495"}],"wp:featuredmedia":[{"embeddable":true,"href":"https:\/\/mudvii.eu\/lt\/wp-json\/wp\/v2\/media\/50001"}],"wp:attachment":[{"href":"https:\/\/mudvii.eu\/lt\/wp-json\/wp\/v2\/media?parent=49932"}],"wp:term":[{"taxonomy":"product_brand","embeddable":true,"href":"https:\/\/mudvii.eu\/lt\/wp-json\/wp\/v2\/product_brand?post=49932"},{"taxonomy":"product_cat","embeddable":true,"href":"https:\/\/mudvii.eu\/lt\/wp-json\/wp\/v2\/product_cat?post=49932"},{"taxonomy":"product_tag","embeddable":true,"href":"https:\/\/mudvii.eu\/lt\/wp-json\/wp\/v2\/product_tag?post=49932"}],"curies":[{"name":"wp","href":"https:\/\/api.w.org\/{rel}","templated":true}]}}