{"id":49812,"date":"2025-12-03T02:12:49","date_gmt":"2025-12-03T00:12:49","guid":{"rendered":"https:\/\/ukiyoagency.shop\/?post_type=product&#038;p=49812"},"modified":"2026-03-19T13:21:53","modified_gmt":"2026-03-19T11:21:53","slug":"shorts-catch-me-in-new-york","status":"publish","type":"product","link":"https:\/\/mudvii.eu\/lt\/produktas\/shorts-catch-me-in-new-york\/","title":{"rendered":"\u0160ortai Catch me in New York"},"content":{"rendered":"<p><strong>Sud\u0117tis:<\/strong><br \/>\n80% medviln\u0117s, 20% elastano<\/p>\n<p><strong>Prie\u017ei\u016bra:<\/strong><br \/>\nSkalbti i\u0161virk\u0161\u010di\u0105ja puse \u012f vid\u0173 30 laipsni\u0173 ar \u017eemesn\u0117je temperat\u016broje. Naudokite \u0161veln\u0173 skalbikl\u012f. Stiprios chemin\u0117s med\u017eiagos gali i\u0161blukinti spalvas. Ned\u017eiovinti d\u017eiovykl\u0117je.<\/p>","protected":false},"excerpt":{"rendered":"<div><strong>\u0160IS PRODUKTAS BUVO SUKURTAS BENDRADARBIAUJANT SU UNIKALIOS SIELOS FOTOGRAFE IR RA\u0160YTOJA EDITA NYORK<\/strong><\/div>\n<div>\n<p>&nbsp;<\/p>\n<p>\u201e\u017dmon\u0117s da\u017enai nustemba, kad toks \u017emogus kaip a\u0161 \u2013 taip giliai susij\u0119s su j\u016bra, toks, kuris visus atsakymus randa gamtoje \u2013 gali b\u016bti taip su\u017eav\u0117tas, taip \u012fsimyl\u0117j\u0119s, taip visi\u0161kai su\u017eav\u0117tas tokio triuk\u0161mingo, chaoti\u0161ko miesto kaip Niujorkas.\u201c<\/p>\n<p>Ta\u010diau tiesa ta, kad mano \u0161irdis priklaus\u0117 Niujorkui dar gerokai prie\u0161 j\u016brai atsitrenkus \u012f mano gyvenim\u0105. \u0160ios dvi energijos \u2013 regis, tokios prie\u0161ingos, tokios nesuderinamos \u2013 ka\u017ekaip tobulai atspindi mano siel\u0105. Jos kalba apie tai, kas a\u0161 esu, kaip gyvenu ir kuo svajoju tapti. J\u016bra mane \u012fkvepia ir moko, o Niujorkas primena, kokios didel\u0117s yra mano svajon\u0117s \u2013 svajon\u0117s, gimusios i\u0161 pa\u010dios k\u016brybos. Ir \u0161i kolekcija gim\u0117 mano mintyse ankstyvo ryto pasivaik\u0161\u010diojimo prie j\u016bros metu, k\u0105 tik gr\u012f\u017eusi i\u0161 Niujorko.\u201c<\/p>\n<\/div>","protected":false},"featured_media":49861,"comment_status":"open","ping_status":"closed","template":"","meta":{"_acf_changed":false},"product_brand":[],"product_cat":[15,353,366,369],"product_tag":[286,425,449],"class_list":{"0":"post-49812","1":"product","2":"type-product","3":"status-publish","4":"has-post-thumbnail","6":"product_cat-all-products","7":"product_cat-leisurewear","8":"product_cat-sale","9":"product_cat-shorts","10":"product_tag-leisurewear","11":"product_tag-shorts-catch-me-in-new-york","12":"product_tag-summer","13":"description-off","15":"first","16":"outofstock","17":"sale","18":"taxable","19":"shipping-taxable","20":"purchasable","21":"product-type-variable"},"supplier_id":null,"supplier_sku":"","atum_controlled":true,"out_stock_date":null,"out_stock_threshold":null,"inheritable":true,"inbound_stock":0,"stock_on_hold":0,"sold_today":0,"sales_last_days":0,"reserved_stock":0,"customer_returns":0,"warehouse_damage":null,"lost_in_post":null,"other_logs":null,"out_stock_days":0,"lost_sales":0,"has_location":false,"update_date":"2026-04-15T00:37:58","atum_locations":[],"atum_stock_status":"outofstock","restock_status":false,"low_stock_amount":"","sales_update_date":"2026-04-15T00:37:58","calc_backorders":null,"acf":[],"jetpack_sharing_enabled":true,"_links":{"self":[{"href":"https:\/\/mudvii.eu\/lt\/wp-json\/wp\/v2\/product\/49812","targetHints":{"allow":["GET"]}}],"collection":[{"href":"https:\/\/mudvii.eu\/lt\/wp-json\/wp\/v2\/product"}],"about":[{"href":"https:\/\/mudvii.eu\/lt\/wp-json\/wp\/v2\/types\/product"}],"replies":[{"embeddable":true,"href":"https:\/\/mudvii.eu\/lt\/wp-json\/wp\/v2\/comments?post=49812"}],"version-history":[{"count":5,"href":"https:\/\/mudvii.eu\/lt\/wp-json\/wp\/v2\/product\/49812\/revisions"}],"predecessor-version":[{"id":51518,"href":"https:\/\/mudvii.eu\/lt\/wp-json\/wp\/v2\/product\/49812\/revisions\/51518"}],"wp:featuredmedia":[{"embeddable":true,"href":"https:\/\/mudvii.eu\/lt\/wp-json\/wp\/v2\/media\/49861"}],"wp:attachment":[{"href":"https:\/\/mudvii.eu\/lt\/wp-json\/wp\/v2\/media?parent=49812"}],"wp:term":[{"taxonomy":"product_brand","embeddable":true,"href":"https:\/\/mudvii.eu\/lt\/wp-json\/wp\/v2\/product_brand?post=49812"},{"taxonomy":"product_cat","embeddable":true,"href":"https:\/\/mudvii.eu\/lt\/wp-json\/wp\/v2\/product_cat?post=49812"},{"taxonomy":"product_tag","embeddable":true,"href":"https:\/\/mudvii.eu\/lt\/wp-json\/wp\/v2\/product_tag?post=49812"}],"curies":[{"name":"wp","href":"https:\/\/api.w.org\/{rel}","templated":true}]}}