{"id":49737,"date":"2025-12-03T02:07:09","date_gmt":"2025-12-03T00:07:09","guid":{"rendered":"https:\/\/ukiyoagency.shop\/?post_type=product&#038;p=49737"},"modified":"2026-05-10T15:28:15","modified_gmt":"2026-05-10T13:28:15","slug":"tank-top-trust-grey","status":"publish","type":"product","link":"https:\/\/mudvii.eu\/lt\/produktas\/tank-top-trust-grey\/","title":{"rendered":"Berankoviai mar\u0161kin\u0117liai TRUST"},"content":{"rendered":"<p><strong>Sud\u0117tis:<\/strong><br \/>\n49% bambukas, 48% medviln\u0117, 3% elastanas<\/p>\n<p><strong>Prie\u017ei\u016bra:<\/strong><br \/>\nSkalbti 30\u00b0C ar \u017eemesn\u0117je temperat\u016broje. Ned\u017eiovinti d\u017eiovykl\u0117je. D\u017eiovinti pakabinus.<\/p>","protected":false},"excerpt":{"rendered":"<p>Composition: 49% bamboo, 48% cotton, 3% elastane Care: Wash at 30c degrees or below. Do not tumble dry. Line dry.<\/p>","protected":false},"featured_media":49803,"comment_status":"open","ping_status":"closed","template":"","meta":{"_acf_changed":false},"product_brand":[],"product_cat":[15,363,366,376,377],"product_tag":[452,448,449,424],"class_list":{"0":"post-49737","1":"product","2":"type-product","3":"status-publish","4":"has-post-thumbnail","6":"product_cat-all-products","7":"product_cat-new-collection","8":"product_cat-sale","9":"product_cat-t-shirts","10":"product_cat-tops","11":"product_tag-basic","12":"product_tag-spring","13":"product_tag-summer","14":"product_tag-tank-top","15":"description-off","17":"first","18":"instock","19":"sale","20":"taxable","21":"shipping-taxable","22":"purchasable","23":"product-type-variable"},"supplier_id":null,"supplier_sku":"","atum_controlled":true,"out_stock_date":null,"out_stock_threshold":null,"inheritable":true,"inbound_stock":0,"stock_on_hold":0,"sold_today":0,"sales_last_days":2,"reserved_stock":0,"customer_returns":0,"warehouse_damage":null,"lost_in_post":null,"other_logs":null,"out_stock_days":0,"lost_sales":0,"has_location":false,"update_date":"2026-05-13T00:57:29","atum_locations":[],"atum_stock_status":"instock","restock_status":false,"low_stock_amount":"","sales_update_date":"2026-05-13T00:57:29","calc_backorders":null,"acf":[],"jetpack_sharing_enabled":true,"_links":{"self":[{"href":"https:\/\/mudvii.eu\/lt\/wp-json\/wp\/v2\/product\/49737","targetHints":{"allow":["GET"]}}],"collection":[{"href":"https:\/\/mudvii.eu\/lt\/wp-json\/wp\/v2\/product"}],"about":[{"href":"https:\/\/mudvii.eu\/lt\/wp-json\/wp\/v2\/types\/product"}],"replies":[{"embeddable":true,"href":"https:\/\/mudvii.eu\/lt\/wp-json\/wp\/v2\/comments?post=49737"}],"version-history":[{"count":8,"href":"https:\/\/mudvii.eu\/lt\/wp-json\/wp\/v2\/product\/49737\/revisions"}],"predecessor-version":[{"id":55061,"href":"https:\/\/mudvii.eu\/lt\/wp-json\/wp\/v2\/product\/49737\/revisions\/55061"}],"wp:featuredmedia":[{"embeddable":true,"href":"https:\/\/mudvii.eu\/lt\/wp-json\/wp\/v2\/media\/49803"}],"wp:attachment":[{"href":"https:\/\/mudvii.eu\/lt\/wp-json\/wp\/v2\/media?parent=49737"}],"wp:term":[{"taxonomy":"product_brand","embeddable":true,"href":"https:\/\/mudvii.eu\/lt\/wp-json\/wp\/v2\/product_brand?post=49737"},{"taxonomy":"product_cat","embeddable":true,"href":"https:\/\/mudvii.eu\/lt\/wp-json\/wp\/v2\/product_cat?post=49737"},{"taxonomy":"product_tag","embeddable":true,"href":"https:\/\/mudvii.eu\/lt\/wp-json\/wp\/v2\/product_tag?post=49737"}],"curies":[{"name":"wp","href":"https:\/\/api.w.org\/{rel}","templated":true}]}}