{"id":49733,"date":"2025-12-03T02:07:09","date_gmt":"2025-12-03T00:07:09","guid":{"rendered":"https:\/\/ukiyoagency.shop\/?post_type=product&#038;p=49733"},"modified":"2026-03-23T09:31:40","modified_gmt":"2026-03-23T07:31:40","slug":"shirt-ambition-white","status":"publish","type":"product","link":"https:\/\/mudvii.eu\/lt\/produktas\/shirt-ambition-white\/","title":{"rendered":"Mar\u0161kiniai AMBITION"},"content":{"rendered":"<p><strong>Sud\u0117tis:<\/strong><br \/>\n100% medviln\u0117<\/p>\n<p><strong>Prie\u017ei\u016bra:<\/strong><br \/>\nSkalbti 30 laipsni\u0173 arba \u017eemesn\u0117je temperat\u016broje. Naudokite \u0161veln\u0173 skalbikl\u012f. Lyginkite \u017eemoje temperat\u016broje. Audinys lengvai pri\u017ei\u016brimas ir nesiglam\u017eo, tod\u0117l po skalbimo galite j\u012f i\u0161d\u017eiovinti ant pakabos.<\/p>","protected":false},"excerpt":{"rendered":"<p>Composition: 100% cotton Care: Wash at 30 degrees or below. Use soft detergent. Iron on low temperature. The fabric is easy care and non creasing, so it&#8217;s perfect if you let them dry on a hangers after you wash it.<\/p>","protected":false},"featured_media":49784,"comment_status":"open","ping_status":"closed","template":"","meta":{"_acf_changed":false},"product_brand":[],"product_cat":[15,346,363,366,377],"product_tag":[423],"class_list":{"0":"post-49733","1":"product","2":"type-product","3":"status-publish","4":"has-post-thumbnail","6":"product_cat-all-products","7":"product_cat-classic-collection","8":"product_cat-new-collection","9":"product_cat-sale","10":"product_cat-tops","11":"product_tag-classic-shirt","12":"description-off","14":"first","15":"outofstock","16":"sale","17":"taxable","18":"shipping-taxable","19":"purchasable","20":"product-type-variable"},"supplier_id":null,"supplier_sku":"","atum_controlled":true,"out_stock_date":null,"out_stock_threshold":null,"inheritable":true,"inbound_stock":0,"stock_on_hold":0,"sold_today":0,"sales_last_days":0,"reserved_stock":0,"customer_returns":0,"warehouse_damage":null,"lost_in_post":null,"other_logs":null,"out_stock_days":0,"lost_sales":0,"has_location":false,"update_date":"2026-05-15T01:00:00","atum_locations":[],"atum_stock_status":"outofstock","restock_status":false,"low_stock_amount":"","sales_update_date":"2026-05-15T01:00:00","calc_backorders":null,"acf":[],"jetpack_sharing_enabled":true,"_links":{"self":[{"href":"https:\/\/mudvii.eu\/lt\/wp-json\/wp\/v2\/product\/49733","targetHints":{"allow":["GET"]}}],"collection":[{"href":"https:\/\/mudvii.eu\/lt\/wp-json\/wp\/v2\/product"}],"about":[{"href":"https:\/\/mudvii.eu\/lt\/wp-json\/wp\/v2\/types\/product"}],"replies":[{"embeddable":true,"href":"https:\/\/mudvii.eu\/lt\/wp-json\/wp\/v2\/comments?post=49733"}],"version-history":[{"count":7,"href":"https:\/\/mudvii.eu\/lt\/wp-json\/wp\/v2\/product\/49733\/revisions"}],"predecessor-version":[{"id":51531,"href":"https:\/\/mudvii.eu\/lt\/wp-json\/wp\/v2\/product\/49733\/revisions\/51531"}],"wp:featuredmedia":[{"embeddable":true,"href":"https:\/\/mudvii.eu\/lt\/wp-json\/wp\/v2\/media\/49784"}],"wp:attachment":[{"href":"https:\/\/mudvii.eu\/lt\/wp-json\/wp\/v2\/media?parent=49733"}],"wp:term":[{"taxonomy":"product_brand","embeddable":true,"href":"https:\/\/mudvii.eu\/lt\/wp-json\/wp\/v2\/product_brand?post=49733"},{"taxonomy":"product_cat","embeddable":true,"href":"https:\/\/mudvii.eu\/lt\/wp-json\/wp\/v2\/product_cat?post=49733"},{"taxonomy":"product_tag","embeddable":true,"href":"https:\/\/mudvii.eu\/lt\/wp-json\/wp\/v2\/product_tag?post=49733"}],"curies":[{"name":"wp","href":"https:\/\/api.w.org\/{rel}","templated":true}]}}