{"id":49732,"date":"2025-12-03T02:07:09","date_gmt":"2025-12-03T00:07:09","guid":{"rendered":"https:\/\/ukiyoagency.shop\/?post_type=product&#038;p=49732"},"modified":"2026-04-29T15:11:49","modified_gmt":"2026-04-29T13:11:49","slug":"hoodie-comfort-chocolate","status":"publish","type":"product","link":"https:\/\/mudvii.eu\/lt\/produktas\/hoodie-comfort-chocolate\/","title":{"rendered":"D\u017eemperis COMFORT"},"content":{"rendered":"<p><strong>Sud\u0117tis:<\/strong><br \/>\n80% medviln\u0117s, 20% poliesterio<\/p>\n<p><strong>Prie\u017ei\u016bra:<\/strong><br \/>\nSkalbti i\u0161virk\u0161\u010di\u0105ja puse \u012f vid\u0173 30 laipsni\u0173 ar \u017eemesn\u0117je temperat\u016broje. Naudokite \u0161veln\u0173 skalbikl\u012f. Stiprios chemin\u0117s med\u017eiagos gali i\u0161blukinti spalvas. Ned\u017eiovinti d\u017eiovykl\u0117je.<\/p>","protected":false},"excerpt":{"rendered":"<p>Composition: 80% cotton; 20% polyester. Care: Wash inside out at 30 degrees or less. Use soft detergent. Hard chemicals can cause color wash. Do not use tumble dry.<\/p>","protected":false},"featured_media":49780,"comment_status":"open","ping_status":"closed","template":"","meta":{"_acf_changed":false},"product_brand":[],"product_cat":[15,353,363,373],"product_tag":[416],"class_list":{"0":"post-49732","1":"product","2":"type-product","3":"status-publish","4":"has-post-thumbnail","6":"product_cat-all-products","7":"product_cat-leisurewear","8":"product_cat-new-collection","9":"product_cat-soft-french-terry-sweatshirts","10":"product_tag-hoodie-with-a-zipper","11":"description-off","13":"first","14":"instock","15":"taxable","16":"shipping-taxable","17":"purchasable","18":"product-type-variable"},"supplier_id":null,"supplier_sku":"","atum_controlled":true,"out_stock_date":null,"out_stock_threshold":null,"inheritable":true,"inbound_stock":0,"stock_on_hold":0,"sold_today":0,"sales_last_days":0,"reserved_stock":0,"customer_returns":0,"warehouse_damage":null,"lost_in_post":null,"other_logs":null,"out_stock_days":0,"lost_sales":0,"has_location":false,"update_date":"2026-04-30T00:47:58","atum_locations":[],"atum_stock_status":"instock","restock_status":false,"low_stock_amount":"","sales_update_date":"2026-04-30T00:47:58","calc_backorders":null,"acf":[],"jetpack_sharing_enabled":true,"_links":{"self":[{"href":"https:\/\/mudvii.eu\/lt\/wp-json\/wp\/v2\/product\/49732","targetHints":{"allow":["GET"]}}],"collection":[{"href":"https:\/\/mudvii.eu\/lt\/wp-json\/wp\/v2\/product"}],"about":[{"href":"https:\/\/mudvii.eu\/lt\/wp-json\/wp\/v2\/types\/product"}],"replies":[{"embeddable":true,"href":"https:\/\/mudvii.eu\/lt\/wp-json\/wp\/v2\/comments?post=49732"}],"version-history":[{"count":6,"href":"https:\/\/mudvii.eu\/lt\/wp-json\/wp\/v2\/product\/49732\/revisions"}],"predecessor-version":[{"id":51489,"href":"https:\/\/mudvii.eu\/lt\/wp-json\/wp\/v2\/product\/49732\/revisions\/51489"}],"wp:featuredmedia":[{"embeddable":true,"href":"https:\/\/mudvii.eu\/lt\/wp-json\/wp\/v2\/media\/49780"}],"wp:attachment":[{"href":"https:\/\/mudvii.eu\/lt\/wp-json\/wp\/v2\/media?parent=49732"}],"wp:term":[{"taxonomy":"product_brand","embeddable":true,"href":"https:\/\/mudvii.eu\/lt\/wp-json\/wp\/v2\/product_brand?post=49732"},{"taxonomy":"product_cat","embeddable":true,"href":"https:\/\/mudvii.eu\/lt\/wp-json\/wp\/v2\/product_cat?post=49732"},{"taxonomy":"product_tag","embeddable":true,"href":"https:\/\/mudvii.eu\/lt\/wp-json\/wp\/v2\/product_tag?post=49732"}],"curies":[{"name":"wp","href":"https:\/\/api.w.org\/{rel}","templated":true}]}}