{"id":49729,"date":"2025-12-03T02:07:09","date_gmt":"2025-12-03T00:07:09","guid":{"rendered":"https:\/\/ukiyoagency.shop\/?post_type=product&#038;p=49729"},"modified":"2026-04-29T20:42:36","modified_gmt":"2026-04-29T18:42:36","slug":"confidence-blazer-chocolate","status":"publish","type":"product","link":"https:\/\/mudvii.eu\/lt\/produktas\/confidence-blazer-chocolate\/","title":{"rendered":"\u0160varkas CONFIDENCE"},"content":{"rendered":"<p><strong>Sud\u0117tis:<\/strong><br \/>\n70% poliesterio, 23% viskoz\u0117s, 7% elastano<\/p>\n<p><strong>Prie\u017ei\u016bra:<\/strong><br \/>\nTik sausas valymas.<\/p>","protected":false},"excerpt":{"rendered":"<p><strong>Produkto apra\u0161ymas:<\/strong><\/p>\n<div>\n<p>Didelio dyd\u017eio \u0161varkas tapo b\u016btinu kiekvienos moters drabu\u017eiu. Tod\u0117l nor\u0117jome sukurti ka\u017ek\u0105 ypatingo jums ir bendradarbiavome su mados stiliste Greta Zvinklyte. Greta, tur\u0117dama ilgamet\u0119 patirt\u012f dirbant su daugybe skirting\u0173 klient\u0173, \u012fskaitant viso pasaulio \u012f\u017eymybes ir mados dizainerius, tikrai \u017eino, kaip pabr\u0117\u017eti geriausius k\u016bno bruo\u017eus. Ji pasir\u016bpino, kad m\u016bs\u0173 \u0161varkas tikt\u0173 visoms moterims, turin\u010dioms skirtingas k\u016bno formas. M\u016bs\u0173 \u0161varkas turi matomas si\u016bles, einan\u010dias per vis\u0105 jo ilg\u012f. \u0160i detal\u0117 i\u0161ry\u0161kina liemen\u012f ir sukuria labai dail\u0173 \u012fvaizd\u012f. \u0160varkas atrodo ir jau\u010diasi moteri\u0161kiau, taip pat unikaliai ir stilingai.<\/p>\n<\/div>","protected":false},"featured_media":49766,"comment_status":"open","ping_status":"closed","template":"","meta":{"_acf_changed":false},"product_brand":[],"product_cat":[15,344,346,443,361,362,364,366,381],"product_tag":[447,451,422,448,450],"class_list":{"0":"post-49729","1":"product","2":"type-product","3":"status-publish","4":"has-post-thumbnail","6":"product_cat-all-products","7":"product_cat-blazers","8":"product_cat-classic-collection","9":"product_cat-gift-guide","10":"product_cat-mudvii-blazers","11":"product_cat-mudvii-x-greta-zvinklyte-collection","12":"product_cat-oversized-blazers","13":"product_cat-sale","14":"product_cat-your-favorites","15":"product_tag-autumn","16":"product_tag-classic","17":"product_tag-oversized-blazer","18":"product_tag-spring","19":"product_tag-winter","20":"description-off","22":"first","23":"instock","24":"sale","25":"taxable","26":"shipping-taxable","27":"purchasable","28":"product-type-variable","29":"has-default-attributes"},"supplier_id":null,"supplier_sku":"","atum_controlled":true,"out_stock_date":null,"out_stock_threshold":null,"inheritable":true,"inbound_stock":0,"stock_on_hold":0,"sold_today":0,"sales_last_days":1,"reserved_stock":0,"customer_returns":0,"warehouse_damage":null,"lost_in_post":null,"other_logs":null,"out_stock_days":0,"lost_sales":0,"has_location":false,"update_date":"2026-05-06T00:51:08","atum_locations":[],"atum_stock_status":"instock","restock_status":false,"low_stock_amount":"","sales_update_date":"2026-05-06T00:51:08","calc_backorders":null,"acf":[],"jetpack_sharing_enabled":true,"_links":{"self":[{"href":"https:\/\/mudvii.eu\/lt\/wp-json\/wp\/v2\/product\/49729","targetHints":{"allow":["GET"]}}],"collection":[{"href":"https:\/\/mudvii.eu\/lt\/wp-json\/wp\/v2\/product"}],"about":[{"href":"https:\/\/mudvii.eu\/lt\/wp-json\/wp\/v2\/types\/product"}],"replies":[{"embeddable":true,"href":"https:\/\/mudvii.eu\/lt\/wp-json\/wp\/v2\/comments?post=49729"}],"version-history":[{"count":5,"href":"https:\/\/mudvii.eu\/lt\/wp-json\/wp\/v2\/product\/49729\/revisions"}],"predecessor-version":[{"id":51155,"href":"https:\/\/mudvii.eu\/lt\/wp-json\/wp\/v2\/product\/49729\/revisions\/51155"}],"wp:featuredmedia":[{"embeddable":true,"href":"https:\/\/mudvii.eu\/lt\/wp-json\/wp\/v2\/media\/49766"}],"wp:attachment":[{"href":"https:\/\/mudvii.eu\/lt\/wp-json\/wp\/v2\/media?parent=49729"}],"wp:term":[{"taxonomy":"product_brand","embeddable":true,"href":"https:\/\/mudvii.eu\/lt\/wp-json\/wp\/v2\/product_brand?post=49729"},{"taxonomy":"product_cat","embeddable":true,"href":"https:\/\/mudvii.eu\/lt\/wp-json\/wp\/v2\/product_cat?post=49729"},{"taxonomy":"product_tag","embeddable":true,"href":"https:\/\/mudvii.eu\/lt\/wp-json\/wp\/v2\/product_tag?post=49729"}],"curies":[{"name":"wp","href":"https:\/\/api.w.org\/{rel}","templated":true}]}}