{"id":49648,"date":"2025-12-03T02:01:37","date_gmt":"2025-12-03T00:01:37","guid":{"rendered":"https:\/\/ukiyoagency.shop\/?post_type=product&#038;p=49648"},"modified":"2026-04-23T04:59:25","modified_gmt":"2026-04-23T02:59:25","slug":"jogger-energy-chocolate","status":"publish","type":"product","link":"https:\/\/mudvii.eu\/lt\/produktas\/jogger-energy-chocolate\/","title":{"rendered":"Keln\u0117s su guma ENERGY"},"content":{"rendered":"<p><strong>Sud\u0117tis:<\/strong><br \/>\n80% medviln\u0117s, 20% poliesterio<\/p>\n<p><strong>Prie\u017ei\u016bra:<\/strong><br \/>\nSkalbti i\u0161vertus \u012f i\u0161or\u0119 30 laipsni\u0173 ar \u017eemesn\u0117je temperat\u016broje su \u0161velniu skalbikliu. Ned\u017eiovinti d\u017eiovykl\u0117je.<\/p>","protected":false},"excerpt":{"rendered":"<p>Composition: 80% cotton, 20% polyester Care: Wash inside out at 30 degrees or less with soft detergent. Do not use tumble dry.<\/p>","protected":false},"featured_media":49688,"comment_status":"open","ping_status":"closed","template":"","meta":{"_acf_changed":false},"product_brand":[],"product_cat":[15,353,363,372,381],"product_tag":[447,286,389,448,450],"class_list":{"0":"post-49648","1":"product","2":"type-product","3":"status-publish","4":"has-post-thumbnail","6":"product_cat-all-products","7":"product_cat-leisurewear","8":"product_cat-new-collection","9":"product_cat-soft-french-terry-sweatpants","10":"product_cat-your-favorites","11":"product_tag-autumn","12":"product_tag-leisurewear","13":"product_tag-soft-jogger","14":"product_tag-spring","15":"product_tag-winter","16":"description-off","18":"first","19":"instock","20":"taxable","21":"shipping-taxable","22":"purchasable","23":"product-type-variable"},"supplier_id":null,"supplier_sku":"","atum_controlled":true,"out_stock_date":null,"out_stock_threshold":null,"inheritable":true,"inbound_stock":0,"stock_on_hold":0,"sold_today":0,"sales_last_days":0,"reserved_stock":0,"customer_returns":0,"warehouse_damage":null,"lost_in_post":null,"other_logs":null,"out_stock_days":0,"lost_sales":0,"has_location":false,"update_date":"2026-05-13T00:57:27","atum_locations":[],"atum_stock_status":"instock","restock_status":false,"low_stock_amount":"","sales_update_date":"2026-05-13T00:57:27","calc_backorders":null,"acf":[],"jetpack_sharing_enabled":true,"_links":{"self":[{"href":"https:\/\/mudvii.eu\/lt\/wp-json\/wp\/v2\/product\/49648","targetHints":{"allow":["GET"]}}],"collection":[{"href":"https:\/\/mudvii.eu\/lt\/wp-json\/wp\/v2\/product"}],"about":[{"href":"https:\/\/mudvii.eu\/lt\/wp-json\/wp\/v2\/types\/product"}],"replies":[{"embeddable":true,"href":"https:\/\/mudvii.eu\/lt\/wp-json\/wp\/v2\/comments?post=49648"}],"version-history":[{"count":7,"href":"https:\/\/mudvii.eu\/lt\/wp-json\/wp\/v2\/product\/49648\/revisions"}],"predecessor-version":[{"id":51494,"href":"https:\/\/mudvii.eu\/lt\/wp-json\/wp\/v2\/product\/49648\/revisions\/51494"}],"wp:featuredmedia":[{"embeddable":true,"href":"https:\/\/mudvii.eu\/lt\/wp-json\/wp\/v2\/media\/49688"}],"wp:attachment":[{"href":"https:\/\/mudvii.eu\/lt\/wp-json\/wp\/v2\/media?parent=49648"}],"wp:term":[{"taxonomy":"product_brand","embeddable":true,"href":"https:\/\/mudvii.eu\/lt\/wp-json\/wp\/v2\/product_brand?post=49648"},{"taxonomy":"product_cat","embeddable":true,"href":"https:\/\/mudvii.eu\/lt\/wp-json\/wp\/v2\/product_cat?post=49648"},{"taxonomy":"product_tag","embeddable":true,"href":"https:\/\/mudvii.eu\/lt\/wp-json\/wp\/v2\/product_tag?post=49648"}],"curies":[{"name":"wp","href":"https:\/\/api.w.org\/{rel}","templated":true}]}}