{"id":49563,"date":"2025-12-03T01:56:28","date_gmt":"2025-12-02T23:56:28","guid":{"rendered":"https:\/\/ukiyoagency.shop\/?post_type=product&#038;p=49563"},"modified":"2026-03-20T11:54:44","modified_gmt":"2026-03-20T09:54:44","slug":"sweatshirt-unique","status":"publish","type":"product","link":"https:\/\/mudvii.eu\/lt\/produktas\/sweatshirt-unique\/","title":{"rendered":"D\u017eemperis UNIQUE"},"content":{"rendered":"<p><strong>Sud\u0117tis:<\/strong><br \/>\n80% medviln\u0117s, 20% poliesterio<\/p>\n<p><strong>Prie\u017ei\u016bra:<\/strong><br \/>\nSkalbti i\u0161virk\u0161\u010di\u0105ja puse \u012f vid\u0173 30 laipsni\u0173 ar \u017eemesn\u0117je temperat\u016broje. Naudokite \u0161veln\u0173 skalbikl\u012f. Stiprios chemin\u0117s med\u017eiagos gali i\u0161blukinti spalvas. Ned\u017eiovinti d\u017eiovykl\u0117je.<\/p>","protected":false},"excerpt":{"rendered":"<p>Composition: 80% cotton, 20% polyester Care: Wash inside out at 30 degrees or less. Use soft detergent. Hard chemicals can cause color wash. Do not use tumble dry.<\/p>","protected":false},"featured_media":49628,"comment_status":"open","ping_status":"closed","template":"","meta":{"_acf_changed":false},"product_brand":[],"product_cat":[15,353,366,373],"product_tag":[447,452,286,448,384,450],"class_list":{"0":"post-49563","1":"product","2":"type-product","3":"status-publish","4":"has-post-thumbnail","6":"product_cat-all-products","7":"product_cat-leisurewear","8":"product_cat-sale","9":"product_cat-soft-french-terry-sweatshirts","10":"product_tag-autumn","11":"product_tag-basic","12":"product_tag-leisurewear","13":"product_tag-spring","14":"product_tag-sweatshirts-self-love-be-kind","15":"product_tag-winter","16":"description-off","18":"first","19":"outofstock","20":"sale","21":"taxable","22":"shipping-taxable","23":"purchasable","24":"product-type-variable"},"supplier_id":null,"supplier_sku":"","atum_controlled":true,"out_stock_date":null,"out_stock_threshold":null,"inheritable":true,"inbound_stock":0,"stock_on_hold":0,"sold_today":0,"sales_last_days":0,"reserved_stock":0,"customer_returns":0,"warehouse_damage":null,"lost_in_post":null,"other_logs":null,"out_stock_days":0,"lost_sales":0,"has_location":false,"update_date":"2026-04-05T00:33:54","atum_locations":[],"atum_stock_status":"outofstock","restock_status":false,"low_stock_amount":"","sales_update_date":"2026-04-05T00:33:54","calc_backorders":null,"acf":[],"jetpack_sharing_enabled":true,"_links":{"self":[{"href":"https:\/\/mudvii.eu\/lt\/wp-json\/wp\/v2\/product\/49563","targetHints":{"allow":["GET"]}}],"collection":[{"href":"https:\/\/mudvii.eu\/lt\/wp-json\/wp\/v2\/product"}],"about":[{"href":"https:\/\/mudvii.eu\/lt\/wp-json\/wp\/v2\/types\/product"}],"replies":[{"embeddable":true,"href":"https:\/\/mudvii.eu\/lt\/wp-json\/wp\/v2\/comments?post=49563"}],"version-history":[{"count":7,"href":"https:\/\/mudvii.eu\/lt\/wp-json\/wp\/v2\/product\/49563\/revisions"}],"predecessor-version":[{"id":53083,"href":"https:\/\/mudvii.eu\/lt\/wp-json\/wp\/v2\/product\/49563\/revisions\/53083"}],"wp:featuredmedia":[{"embeddable":true,"href":"https:\/\/mudvii.eu\/lt\/wp-json\/wp\/v2\/media\/49628"}],"wp:attachment":[{"href":"https:\/\/mudvii.eu\/lt\/wp-json\/wp\/v2\/media?parent=49563"}],"wp:term":[{"taxonomy":"product_brand","embeddable":true,"href":"https:\/\/mudvii.eu\/lt\/wp-json\/wp\/v2\/product_brand?post=49563"},{"taxonomy":"product_cat","embeddable":true,"href":"https:\/\/mudvii.eu\/lt\/wp-json\/wp\/v2\/product_cat?post=49563"},{"taxonomy":"product_tag","embeddable":true,"href":"https:\/\/mudvii.eu\/lt\/wp-json\/wp\/v2\/product_tag?post=49563"}],"curies":[{"name":"wp","href":"https:\/\/api.w.org\/{rel}","templated":true}]}}