{"id":48938,"date":"2025-12-02T16:03:55","date_gmt":"2025-12-02T14:03:55","guid":{"rendered":"https:\/\/ukiyoagency.shop\/?post_type=product&#038;p=48938"},"modified":"2026-04-27T14:11:04","modified_gmt":"2026-04-27T12:11:04","slug":"t-shirt-loyalty-black","status":"publish","type":"product","link":"https:\/\/mudvii.eu\/lt\/produktas\/t-shirt-loyalty-black\/","title":{"rendered":"Mar\u0161kin\u0117liai LOYALTY"},"content":{"rendered":"<p><strong>Sud\u0117tis:<\/strong><br \/>\n92% medviln\u0117s, 8% elastano<\/p>\n<p><strong>Prie\u017ei\u016bra:<\/strong><br \/>\nSkalbti 30 laipsni\u0173 arba \u017eemesn\u0117je temperat\u016broje. Ned\u017eiovinti d\u017eiovykl\u0117je. Skalbti su \u0161velniu skalbikliu, kad spalva nei\u0161siplaut\u0173.<\/p>","protected":false},"excerpt":{"rendered":"<p>Composition: 92% cotton; 8% elastane. Care: Wash at or below 30 degrees. Do not use tumble dry. Wash with gentle detergent to avoid color wash.<\/p>","protected":false},"featured_media":48734,"comment_status":"open","ping_status":"closed","template":"","meta":{"_acf_changed":false},"product_brand":[],"product_cat":[15,358,366,376,377],"product_tag":[286],"class_list":{"0":"post-48938","1":"product","2":"type-product","3":"status-publish","4":"has-post-thumbnail","6":"product_cat-all-products","7":"product_cat-men-collection","8":"product_cat-sale","9":"product_cat-t-shirts","10":"product_cat-tops","11":"product_tag-leisurewear","12":"description-off","14":"first","15":"instock","16":"sale","17":"taxable","18":"shipping-taxable","19":"purchasable","20":"product-type-variable"},"supplier_id":null,"supplier_sku":"","atum_controlled":true,"out_stock_date":null,"out_stock_threshold":null,"inheritable":true,"inbound_stock":0,"stock_on_hold":0,"sold_today":0,"sales_last_days":0,"reserved_stock":0,"customer_returns":0,"warehouse_damage":null,"lost_in_post":null,"other_logs":null,"out_stock_days":0,"lost_sales":0,"has_location":false,"update_date":"2026-05-15T01:00:00","atum_locations":[],"atum_stock_status":"instock","restock_status":false,"low_stock_amount":"","sales_update_date":"2026-05-15T01:00:00","calc_backorders":null,"acf":[],"jetpack_sharing_enabled":true,"_links":{"self":[{"href":"https:\/\/mudvii.eu\/lt\/wp-json\/wp\/v2\/product\/48938","targetHints":{"allow":["GET"]}}],"collection":[{"href":"https:\/\/mudvii.eu\/lt\/wp-json\/wp\/v2\/product"}],"about":[{"href":"https:\/\/mudvii.eu\/lt\/wp-json\/wp\/v2\/types\/product"}],"replies":[{"embeddable":true,"href":"https:\/\/mudvii.eu\/lt\/wp-json\/wp\/v2\/comments?post=48938"}],"version-history":[{"count":7,"href":"https:\/\/mudvii.eu\/lt\/wp-json\/wp\/v2\/product\/48938\/revisions"}],"predecessor-version":[{"id":51624,"href":"https:\/\/mudvii.eu\/lt\/wp-json\/wp\/v2\/product\/48938\/revisions\/51624"}],"wp:featuredmedia":[{"embeddable":true,"href":"https:\/\/mudvii.eu\/lt\/wp-json\/wp\/v2\/media\/48734"}],"wp:attachment":[{"href":"https:\/\/mudvii.eu\/lt\/wp-json\/wp\/v2\/media?parent=48938"}],"wp:term":[{"taxonomy":"product_brand","embeddable":true,"href":"https:\/\/mudvii.eu\/lt\/wp-json\/wp\/v2\/product_brand?post=48938"},{"taxonomy":"product_cat","embeddable":true,"href":"https:\/\/mudvii.eu\/lt\/wp-json\/wp\/v2\/product_cat?post=48938"},{"taxonomy":"product_tag","embeddable":true,"href":"https:\/\/mudvii.eu\/lt\/wp-json\/wp\/v2\/product_tag?post=48938"}],"curies":[{"name":"wp","href":"https:\/\/api.w.org\/{rel}","templated":true}]}}