{"id":47145,"date":"2025-11-19T23:17:46","date_gmt":"2025-11-19T21:17:46","guid":{"rendered":"https:\/\/ukiyoagency.shop\/?page_id=47145"},"modified":"2025-12-11T20:39:41","modified_gmt":"2025-12-11T18:39:41","slug":"purchase-rules","status":"publish","type":"page","link":"https:\/\/mudvii.eu\/lt\/purchase-rules\/","title":{"rendered":"Pirkimo taisykl\u0117s"},"content":{"rendered":"<div data-elementor-type=\"wp-page\" data-elementor-id=\"47145\" class=\"elementor elementor-47145\" data-elementor-post-type=\"page\">\n\t\t\t\t<div class=\"elementor-element elementor-element-363befa e-flex e-con-boxed e-con e-parent\" data-id=\"363befa\" data-element_type=\"container\" data-e-type=\"container\">\n\t\t\t\t\t<div class=\"e-con-inner\">\n\t\t<div class=\"elementor-element elementor-element-8cbee0c e-con-full e-flex e-con e-child\" data-id=\"8cbee0c\" data-element_type=\"container\" data-e-type=\"container\">\n\t\t\t\t<div class=\"elementor-element elementor-element-1e0e609 elementor-widget elementor-widget-the7-heading\" data-id=\"1e0e609\" data-element_type=\"widget\" data-e-type=\"widget\" data-widget_type=\"the7-heading.default\">\n\t\t\t\t<div class=\"elementor-widget-container\">\n\t\t\t\t\t<h2 class=\"the7-heading-title elementor-size-default\">Pirkimo taisykl\u0117s<\/h2>\t\t\t\t<\/div>\n\t\t\t\t<\/div>\n\t\t\t\t<div class=\"elementor-element elementor-element-6bd9a65 elementor-widget elementor-widget-text-editor\" data-id=\"6bd9a65\" data-element_type=\"widget\" data-e-type=\"widget\" data-widget_type=\"text-editor.default\">\n\t\t\t\t\t\t\t\t\t<p>Internetin\u0117s parduotuv\u0117s www.mudvii.eu s\u0105lygos apibr\u0117\u017eia pirkimo-pardavimo sutarties sudarym\u0105 ir \u0161ali\u0173 \u012fsipareigojimus.<\/p>\t\t\t\t\t\t\t\t<\/div>\n\t\t\t\t<div class=\"elementor-element elementor-element-df33549 elementor-widget elementor-widget-the7-heading\" data-id=\"df33549\" data-element_type=\"widget\" data-e-type=\"widget\" data-widget_type=\"the7-heading.default\">\n\t\t\t\t<div class=\"elementor-widget-container\">\n\t\t\t\t\t<h2 class=\"the7-heading-title elementor-size-default\">1. Pagrindin\u0117s nuostatos<\/h2>\t\t\t\t<\/div>\n\t\t\t\t<\/div>\n\t\t\t\t<div class=\"elementor-element elementor-element-1d18f5b elementor-widget elementor-widget-text-editor\" data-id=\"1d18f5b\" data-element_type=\"widget\" data-e-type=\"widget\" data-widget_type=\"text-editor.default\">\n\t\t\t\t\t\t\t\t\t<p>1.1. \u0160ios s\u0105lygos (toliau \u2013 Taisykl\u0117s) nustato asmen\u0173, \u012fsigyjan\u010di\u0173 prekes internetin\u0117je parduotuv\u0117je, taisykles. <a href=\"https:\/\/mudvii.eu\/lt\/\">www.mudvii.eu<\/a>\u00a0(toliau \u2013 Pirk\u0117jas), ir pardav\u0117jo abipuses teises, pareigas ir atsakomyb\u0119 Pirk\u0117jui \u012fsigyjant prekes internetin\u0117je parduotuv\u0117je. Pirk\u0117jas, \u012fsigydamas prekes internetin\u0117je parduotuv\u0117je, sutinka su \u0161i\u0173 Taisykli\u0173 taikymu.<\/p>\t\t\t\t\t\t\t\t<\/div>\n\t\t\t\t<div class=\"elementor-element elementor-element-ff38ee7 elementor-widget elementor-widget-the7-heading\" data-id=\"ff38ee7\" data-element_type=\"widget\" data-e-type=\"widget\" data-widget_type=\"the7-heading.default\">\n\t\t\t\t<div class=\"elementor-widget-container\">\n\t\t\t\t\t<h2 class=\"the7-heading-title elementor-size-default\">2. Pirkimo-pardavimo sutarties sudarymas<\/h2>\t\t\t\t<\/div>\n\t\t\t\t<\/div>\n\t\t\t\t<div class=\"elementor-element elementor-element-6d09831 elementor-widget elementor-widget-text-editor\" data-id=\"6d09831\" data-element_type=\"widget\" data-e-type=\"widget\" data-widget_type=\"text-editor.default\">\n\t\t\t\t\t\t\t\t\t<p>2.1. Pirkimo-pardavimo sutartis tarp Pirk\u0117jo ir Pardav\u0117jo laikoma sudaryta, kai Pirk\u0117jas, u\u017epild\u0119s preki\u0173 krep\u0161el\u012f internetin\u0117je parduotuv\u0117je, pateik\u0119s informacij\u0105 apie save: vard\u0105, pavard\u0119, pristatymo adres\u0105, el. pa\u0161to adres\u0105, telefono numer\u012f, pasirinkt\u0105 mok\u0117jimo b\u016bd\u0105 ir susipa\u017ein\u0119s su \u0161iomis Taisykl\u0117mis, paspaud\u017eia mygtuk\u0105 \u201eU\u017esakyti\u201c. \u0160i sutartis galioja iki visi\u0161ko \u012fsipareigojim\u0173 pagal \u0161i\u0105 sutart\u012f \u012fvykdymo. Tais atvejais, kai Pirk\u0117jas nesutinka su visomis arba tam tikra Taisykli\u0173 dalimi, jis privalo susilaikyti nuo u\u017esakymo pateikimo.<\/p>\t\t\t\t\t\t\t\t<\/div>\n\t\t\t\t<div class=\"elementor-element elementor-element-b8b98a5 elementor-widget elementor-widget-the7-heading\" data-id=\"b8b98a5\" data-element_type=\"widget\" data-e-type=\"widget\" data-widget_type=\"the7-heading.default\">\n\t\t\t\t<div class=\"elementor-widget-container\">\n\t\t\t\t\t<h2 class=\"the7-heading-title elementor-size-default\">3. Pardav\u0117jo teis\u0117s<\/h2>\t\t\t\t<\/div>\n\t\t\t\t<\/div>\n\t\t\t\t<div class=\"elementor-element elementor-element-e5513a6 elementor-widget elementor-widget-text-editor\" data-id=\"e5513a6\" data-element_type=\"widget\" data-e-type=\"widget\" data-widget_type=\"text-editor.default\">\n\t\t\t\t\t\t\t\t\t<p>3.1. Pardav\u0117jas turi teis\u0119 laikinai arba neribotam laikui sustabdyti internetin\u0117s parduotuv\u0117s veikl\u0105, apie tai i\u0161 anksto informav\u0119s Pirk\u0117jus, ir \u012fsipareigoja i\u0161si\u0173sti u\u017esakytas prekes, u\u017e kurias Pirk\u0117jas jau sumok\u0117jo.<br \/>3.2. Pardav\u0117jas turi teis\u0119 viena\u0161ali\u0161kai pakeisti \u0161ias Taisykles, paskelbdamas pakeistas Taisykles internetin\u0117s parduotuv\u0117s svetain\u0117je. Pakeitimai \u012fsigalioja nuo j\u0173 paskelbimo momento visiems sandoriams, sudarytiems po paskelbimo.<br \/>3.3. Pardav\u0117jas turi ir kit\u0173 teisi\u0173, numatyt\u0173 \u0161iose Taisykl\u0117se ir Lietuvos Respublikos \u012fstatymuose.<\/p>\t\t\t\t\t\t\t\t<\/div>\n\t\t\t\t<div class=\"elementor-element elementor-element-491ef02 elementor-widget elementor-widget-the7-heading\" data-id=\"491ef02\" data-element_type=\"widget\" data-e-type=\"widget\" data-widget_type=\"the7-heading.default\">\n\t\t\t\t<div class=\"elementor-widget-container\">\n\t\t\t\t\t<h2 class=\"the7-heading-title elementor-size-default\">4. Pardav\u0117jo atsakomyb\u0117<\/h2>\t\t\t\t<\/div>\n\t\t\t\t<\/div>\n\t\t\t\t<div class=\"elementor-element elementor-element-a2a2ea1 elementor-widget elementor-widget-text-editor\" data-id=\"a2a2ea1\" data-element_type=\"widget\" data-e-type=\"widget\" data-widget_type=\"text-editor.default\">\n\t\t\t\t\t\t\t\t\t<p>4.1. Pardav\u0117jas \u012fsipareigoja d\u0117ti pastangas, kad Pirk\u0117jas tur\u0117t\u0173 galimyb\u0119 tinkamai naudotis internetin\u0117s parduotuv\u0117s teikiamomis paslaugomis. Pardav\u0117jas negarantuoja nepertraukiamo internetin\u0117s parduotuv\u0117s veikimo ar klaid\u0173 neturin\u010dio duomen\u0173 perdavimo. Pardav\u0117jas neatsako u\u017e jokius Pirk\u0117jo patirtus nuostolius d\u0117l internetin\u0117s parduotuv\u0117s veikimo sutrikim\u0173 ir (arba) duomen\u0173 perdavimo klaid\u0173.<br \/>4.2. Pardav\u0117jas \u012fsipareigoja i\u0161si\u0173sti u\u017esakytas prekes Pirk\u0117jui per 7\u201310 darbo dien\u0173 nuo preki\u0173 apmok\u0117jimo.<br \/>4.3. Pardav\u0117jas \u012fsipareigoja nemokamai pakeisti \u012fsigytas prekes, jei jos yra netinkamo dyd\u017eio, pana\u0161iomis, bet kitoki\u0173 matmen\u0173, formos, spalvos, modelio ar sud\u0117tingumo prek\u0117mis. Jei Pardav\u0117jas neturi tinkam\u0173 pakaitini\u0173 drabu\u017ei\u0173, Pirk\u0117jas turi teis\u0119 gr\u0105\u017einti drabu\u017eius Pardav\u0117jui ir atgauti sumok\u0117t\u0105 sum\u0105. Tokiu atveju Pardav\u0117jas \u012fsipareigoja gr\u0105\u017einti Pirk\u0117jui pinigus per 10 darbo dien\u0173 ir atleid\u017eiamas nuo atsakomyb\u0117s u\u017e preki\u0173 nepristatym\u0105.<br \/>4.4. Pardav\u0117jas \u012fsipareigoja laikytis kit\u0173 \u0161iose taisykl\u0117se numatyt\u0173 reikalavim\u0173.<\/p>\t\t\t\t\t\t\t\t<\/div>\n\t\t\t\t<div class=\"elementor-element elementor-element-a6349a9 elementor-widget elementor-widget-the7-heading\" data-id=\"a6349a9\" data-element_type=\"widget\" data-e-type=\"widget\" data-widget_type=\"the7-heading.default\">\n\t\t\t\t<div class=\"elementor-widget-container\">\n\t\t\t\t\t<h2 class=\"the7-heading-title elementor-size-default\">5. Pirk\u0117jo teis\u0117s<\/h2>\t\t\t\t<\/div>\n\t\t\t\t<\/div>\n\t\t\t\t<div class=\"elementor-element elementor-element-cc105b9 elementor-widget elementor-widget-text-editor\" data-id=\"cc105b9\" data-element_type=\"widget\" data-e-type=\"widget\" data-widget_type=\"text-editor.default\">\n\t\t\t\t\t\t\t\t\t<p>5.1. Pirk\u0117jas turi teis\u0119 pirkti prekes elektronin\u0117je parduotuv\u0117je vadovaudamasis \u0161iomis Taisykl\u0117mis ir Lietuvos Respublikos teis\u0117s aktais. <br \/>5.2. Pirk\u0117jas (vartotojas) turi teis\u0119 atsisakyti elektronin\u0117je parduotuv\u0117je sudarytos preki\u0173 pirkimo-pardavimo sutarties su Pardav\u0117ju, apie tai ra\u0161tu prane\u0161damas Pardav\u0117jui per 14 darbo dien\u0173 nuo preki\u0173 pristatymo dienos. Pirk\u0117jas turi teis\u0119 atsisakyti preki\u0173 pirkimo-pardavimo sutarties su pardav\u0117ju tik tuo atveju, jei prek\u0117s yra kokybi\u0161kos, nebuvo sugadintos ir i\u0161 esm\u0117s nepasikeit\u0117 j\u0173 i\u0161vaizda.<br \/>5.3. Pirk\u0117jas turi ir kitas Taisykl\u0117se bei Lietuvos Respublikos teis\u0117s aktuose numatytas teises.<\/p>\t\t\t\t\t\t\t\t<\/div>\n\t\t\t\t<div class=\"elementor-element elementor-element-bc9769a elementor-widget elementor-widget-the7-heading\" data-id=\"bc9769a\" data-element_type=\"widget\" data-e-type=\"widget\" data-widget_type=\"the7-heading.default\">\n\t\t\t\t<div class=\"elementor-widget-container\">\n\t\t\t\t\t<h2 class=\"the7-heading-title elementor-size-default\">6. Pirk\u0117jo pareigos<\/h2>\t\t\t\t<\/div>\n\t\t\t\t<\/div>\n\t\t\t\t<div class=\"elementor-element elementor-element-a2fc07a elementor-widget elementor-widget-text-editor\" data-id=\"a2fc07a\" data-element_type=\"widget\" data-e-type=\"widget\" data-widget_type=\"text-editor.default\">\n\t\t\t\t\t\t\t\t\t<p>6.1. Pirk\u0117jas privalo sumok\u0117ti preki\u0173 ir j\u0173 pristatymo kain\u0105, taip pat kitus mok\u0117jimus (jei jie buvo nurodyti sudarant sutart\u012f) ir priimti u\u017esakytas prekes.<br \/>6.2. Prek\u0117s pradedamos gaminti ir Pardav\u0117jas \u012fsipareigoja vykdyti pirkimo-pardavimo sutart\u012f tik tada, kai gauna prane\u0161im\u0105 i\u0161 Pirk\u0117jo banko apie atlikt\u0105 mok\u0117jim\u0105 u\u017e pasirinktas prekes.<br \/>6.3. Pirk\u0117jas privalo laikytis kit\u0173 Taisykl\u0117se ir Lietuvos Respublikos teis\u0117s aktuose nustatyt\u0173 reikalavim\u0173.<\/p>\t\t\t\t\t\t\t\t<\/div>\n\t\t\t\t<div class=\"elementor-element elementor-element-44a2b4b elementor-widget elementor-widget-the7-heading\" data-id=\"44a2b4b\" data-element_type=\"widget\" data-e-type=\"widget\" data-widget_type=\"the7-heading.default\">\n\t\t\t\t<div class=\"elementor-widget-container\">\n\t\t\t\t\t<h2 class=\"the7-heading-title elementor-size-default\">7. Bendroji atsakomyb\u0117<\/h2>\t\t\t\t<\/div>\n\t\t\t\t<\/div>\n\t\t\t\t<div class=\"elementor-element elementor-element-75a8452 elementor-widget elementor-widget-text-editor\" data-id=\"75a8452\" data-element_type=\"widget\" data-e-type=\"widget\" data-widget_type=\"text-editor.default\">\n\t\t\t\t\t\t\t\t\t<p>7.1. Pirk\u0117jas yra atsakingas u\u017e pateikt\u0173 duomen\u0173 teisingum\u0105. Pirk\u0117jas prisiima atsakomyb\u0119 u\u017e pasekmes, atsiradusias d\u0117l pateikt\u0173 duomen\u0173 neteisingumo ar netikslumo.<br \/>7.2. U\u017e pirkimo-pardavimo sutarties, sudarytos naudojantis elektronine parduotuve, pa\u017eeidim\u0105 \u0161alys atsako Lietuvos Respublikos teis\u0117s akt\u0173 nustatyta tvarka.<br \/>7.3. Pardav\u0117jas neatsako u\u017e tai, kad internetin\u0117je parduotuv\u0117je rodom\u0173 preki\u0173 spalva, forma ar kiti parametrai neatitinka realaus preki\u0173 dyd\u017eio, formos ir spalvos d\u0117l Pirk\u0117jo naudojamo vaizduoklio ypatybi\u0173.<br \/>7.4. Pardav\u0117jas neatsako u\u017e drabu\u017eio kokyb\u0117s pasikeitimus, jei pirk\u0117jas drabu\u017e\u012f naudojo nesilaikydamas etiket\u0117je nurodyt\u0173 skalbimo ir kit\u0173 prie\u017ei\u016bros instrukcij\u0173.<br \/>7.5. \u0160ia sutartimi Pardav\u0117jas \u012fsp\u0117ja, kad d\u0117vint ar skalbiant drabu\u017e\u012f, audinio spalva, strukt\u016bra ar kitos savyb\u0117s gali pasikeisti. <br \/>7.6. \u017dalos atveju kaltoji \u0161alis atlygina kitai \u0161aliai d\u0117l jos kalt\u0117s patirtus tiesioginius nuostolius.<\/p>\t\t\t\t\t\t\t\t<\/div>\n\t\t\t\t<div class=\"elementor-element elementor-element-fea4339 elementor-widget elementor-widget-the7-heading\" data-id=\"fea4339\" data-element_type=\"widget\" data-e-type=\"widget\" data-widget_type=\"the7-heading.default\">\n\t\t\t\t<div class=\"elementor-widget-container\">\n\t\t\t\t\t<h2 class=\"the7-heading-title elementor-size-default\">8. Asmens duomen\u0173 tvarkymas<\/h2>\t\t\t\t<\/div>\n\t\t\t\t<\/div>\n\t\t\t\t<div class=\"elementor-element elementor-element-dc816aa elementor-widget elementor-widget-text-editor\" data-id=\"dc816aa\" data-element_type=\"widget\" data-e-type=\"widget\" data-widget_type=\"text-editor.default\">\n\t\t\t\t\t\t\t\t\t<p>8.1. Paspausdamas mygtuk\u0105 \u201eU\u017esakyti\u201c, Pirk\u0117jas patvirtina, kad jis ir jo atstovai (Pirk\u0117jas turi savo atstov\u0173 sutikim\u0105) sutinka pateikti Pardav\u0117jui savo asmens duomenis ir neprie\u0161tarauja, kad Pardav\u0117jas tvarkyt\u0173 Pirk\u0117jo ir (ar) jo atstov\u0173 pateiktus asmens duomenis atstov\u0173 identifikavimo, sutar\u010di\u0173 sudarymo, vykdymo (internetin\u0117 prekyba) ir tiesiogin\u0117s rinkodaros tikslais. Pardav\u0117jas nurodo, kad Pardav\u0117jas netvarkys Pirk\u0117jo (jei jis yra fizinis asmuo) ir jo atstov\u0173 asmens kod\u0173 tiesiogin\u0117s rinkodaros tikslais.<br \/>8.2. Paspausdamas mygtuk\u0105 \u201eU\u017esakyti\u201c, Pirk\u0117jas patvirtina, kad jis (jei Pirk\u0117jas yra fizinis asmuo) ir jo atstovai yra informuoti apie savo teis\u0119 susipa\u017einti su Pardav\u0117jo tvarkomais savo asmens duomenimis ir kaip jie yra tvarkomi, reikalauti i\u0161taisyti, sunaikinti savo asmens duomenis arba sustabdyti savo asmens duomen\u0173 tvarkymo veiksmus, kai duomenys tvarkomi pa\u017eeid\u017eiant \u012fstatym\u0173 nuostatas, nesutikti su savo asmens duomen\u0173 tvarkymu.<br \/>8.3. Paspausdamas mygtuk\u0105 \u201eU\u017esakyti\u201c, Pirk\u0117jas patvirtina, kad jis ir jo atstovai \u017eino, jog turi teis\u0119 atsisakyti pateikti savo asmens duomenis, ta\u010diau supranta, kad asmens duomenys yra b\u016btini ir b\u016btini siekiant vienareik\u0161mi\u0161kai identifikuoti Pirk\u0117j\u0105 ir (ar) jo atstovus sutar\u010di\u0173 sudarymo ir vykdymo (apsipirkimo internetu) tikslais, ir nepateik\u0119 asmens duomen\u0173 ir (ar) nesutik\u0119, kad jie b\u016bt\u0173 tvarkomi auk\u0161\u010diau nurodytais tikslais, negal\u0117s sudaryti ir (ar) vykdyti sutarties.<\/p>\t\t\t\t\t\t\t\t<\/div>\n\t\t\t\t<div class=\"elementor-element elementor-element-a7cc230 elementor-widget elementor-widget-the7-heading\" data-id=\"a7cc230\" data-element_type=\"widget\" data-e-type=\"widget\" data-widget_type=\"the7-heading.default\">\n\t\t\t\t<div class=\"elementor-widget-container\">\n\t\t\t\t\t<h2 class=\"the7-heading-title elementor-size-default\">9. Informacijos perdavimas<\/h2>\t\t\t\t<\/div>\n\t\t\t\t<\/div>\n\t\t\t\t<div class=\"elementor-element elementor-element-761a481 elementor-widget elementor-widget-text-editor\" data-id=\"761a481\" data-element_type=\"widget\" data-e-type=\"widget\" data-widget_type=\"text-editor.default\">\n\t\t\t\t\t\t\t\t\t<p>9.1. Pardav\u0117jas visus informacinius prane\u0161imus ir prane\u0161imus tiesiogin\u0117s rinkodaros tikslais siun\u010dia Pirk\u0117jo registracijos formoje nurodytu el. pa\u0161to adresu.<br \/>9.2. Pirk\u0117jas siun\u010dia visus prane\u0161imus ir klausimus naudodamasis Pardav\u0117jo internetin\u0117je parduotuv\u0117je pateiktais duomenimis.<\/p>\t\t\t\t\t\t\t\t<\/div>\n\t\t\t\t<div class=\"elementor-element elementor-element-cb67a43 elementor-widget elementor-widget-the7-heading\" data-id=\"cb67a43\" data-element_type=\"widget\" data-e-type=\"widget\" data-widget_type=\"the7-heading.default\">\n\t\t\t\t<div class=\"elementor-widget-container\">\n\t\t\t\t\t<h2 class=\"the7-heading-title elementor-size-default\">10. Preki\u0173 gr\u0105\u017einimas<\/h2>\t\t\t\t<\/div>\n\t\t\t\t<\/div>\n\t\t\t\t<div class=\"elementor-element elementor-element-edf39bc elementor-widget elementor-widget-text-editor\" data-id=\"edf39bc\" data-element_type=\"widget\" data-e-type=\"widget\" data-widget_type=\"text-editor.default\">\n\t\t\t\t\t\t\t\t\t<p>10.1. Kokybi\u0161kas prekes galima gr\u0105\u017einti per 14 dien\u0173 nuo j\u0173 gavimo datos. Parduot\u0173 nekokybi\u0161k\u0173 preki\u0173 tr\u016bkumai \u0161alinami, nekokybi\u0161kos prek\u0117s kei\u010diamos ir gr\u0105\u017einamos vadovaujantis Lietuvos Respublikos civilinio kodekso nuostatomis.<br \/>10.2. Gr\u0105\u017einant prekes, turi b\u016bti \u012fvykdytos \u0161ios s\u0105lygos:<br \/>10.2.1. Gr\u0105\u017einamos prek\u0117s turi b\u016bti originalioje, tvarkingoje pakuot\u0117je (\u0161i s\u0105lyga netaikoma gr\u0105\u017einant nekokybi\u0161k\u0105 prek\u0119);<br \/>10.2.2. Prek\u0117s neturi b\u016bti Pirk\u0117jo sugadintos;<br \/>10.2.3. Prek\u0117s turi b\u016bti nenaudotos ir nepraradusios prekin\u0117s i\u0161vaizdos: nepa\u017eeista etiket\u0117, nenupl\u0117\u0161ta apsaugin\u0117 pl\u0117vel\u0117 ir kt. (\u0161i s\u0105lyga netaikoma gr\u0105\u017einant nekokybi\u0161k\u0105 prek\u0119);<br \/>10.2.4. Gr\u0105\u017einamos prek\u0117s turi b\u016bti tos pa\u010dios komplektacijos, kokios Pirk\u0117jas jas gavo (\u0161i s\u0105lyga netaikoma gr\u0105\u017einant nekokybi\u0161k\u0105 prek\u0119);<br \/>10.2.5. Pardav\u0117jas turi teis\u0119 atsisakyti priimti Pirk\u0117jo gr\u0105\u017einamas prekes, jei nebuvo \u012fvykdytos preki\u0173 gr\u0105\u017einimo s\u0105lygos;<br \/>10.2.6. Preki\u0173 gr\u0105\u017einimas atliekamas Pardav\u0117jo nustatyta tvarka per 14 (keturiolika) dien\u0173 nuo preki\u0173 gavimo dienos (\u0161is punktas netaikomas tuo atveju, kai prek\u0117s yra nekokybi\u0161kos \u2013 tokiu atveju prek\u0117s gr\u0105\u017einamos per \u012fstatymin\u012f garantin\u012f laikotarp\u012f);<br \/>10.3. Tinkamos kokyb\u0117s preki\u0173 gr\u0105\u017einimas ir keitimas atliekamas pagal Civilinio kodekso 6.22810 straipsnio 1 dal\u012f;<br \/>10.4. U\u017e Pirk\u0117jo priimtas, bet v\u0117liau atsisakytas prekes sumok\u0117ti pinigai gr\u0105\u017einami \u012f Pirk\u0117jo s\u0105skait\u0105 ne v\u0117liau kaip per 5 (penkias) dienas nuo preki\u0173 gr\u0105\u017einimo Pardav\u0117jui dienos, nebent Pardav\u0117jas ir Pirk\u0117jas susitaria kitaip.<br \/>10.5 Jei u\u017esakymui buvo pritaikyta nuolaida pagal \u012fsigyt\u0105 kiek\u012f (pvz., 25 % nuolaida 2 prek\u0117ms), jei gr\u0105\u017einama tik dalis preki\u0173, bendra u\u017esakymo suma bus perskai\u010diuota pagal faktin\u012f likus\u012f kiek\u012f. Tai rei\u0161kia, kad:<br \/>\u2022 Jei gr\u0105\u017einama dalis preki\u0173, kurios nebeatitinka nuolaidos s\u0105lyg\u0173, pradin\u0117 nuolaida nebebus taikoma.<br \/>\u2022 Tokiu atveju i\u0161 gr\u0105\u017einamos sumos bus i\u0161skai\u010diuota visam u\u017esakymui pritaikyta nuolaidos suma.<\/p>\t\t\t\t\t\t\t\t<\/div>\n\t\t\t\t<div class=\"elementor-element elementor-element-06c7048 elementor-widget elementor-widget-text-editor\" data-id=\"06c7048\" data-element_type=\"widget\" data-e-type=\"widget\" data-widget_type=\"text-editor.default\">\n\t\t\t\t\t\t\t\t\t<p><strong>Pavyzdys:<\/strong><br \/>Jei perkate 2 prekes po 40 \u20ac ir gaunate 25 % nuolaid\u0105 (bendra suma 60 \u20ac vietoj 80 \u20ac), bet gr\u0105\u017einate vien\u0105 prek\u0119, likusiai prekei nuolaida nebegal\u0117s b\u016bti taikoma, tod\u0117l jos kaina bus perskai\u010diuota \u012f pradin\u0119 kain\u0105 (40 \u20ac), o gr\u0105\u017einama suma bus ne 30 \u20ac, o tik 20 \u20ac (60 \u20ac \u2013 40 \u20ac).<\/p>\t\t\t\t\t\t\t\t<\/div>\n\t\t\t\t<div class=\"elementor-element elementor-element-4655640 elementor-widget elementor-widget-the7-heading\" data-id=\"4655640\" data-element_type=\"widget\" data-e-type=\"widget\" data-widget_type=\"the7-heading.default\">\n\t\t\t\t<div class=\"elementor-widget-container\">\n\t\t\t\t\t<h2 class=\"the7-heading-title elementor-size-default\">11. Baigiamosios nuostatos<\/h2>\t\t\t\t<\/div>\n\t\t\t\t<\/div>\n\t\t\t\t<div class=\"elementor-element elementor-element-053fff5 elementor-widget elementor-widget-text-editor\" data-id=\"053fff5\" data-element_type=\"widget\" data-e-type=\"widget\" data-widget_type=\"text-editor.default\">\n\t\t\t\t\t\t\t\t\t<p>11.1. Pirk\u0117jas ir Pardav\u0117jas susitaria, kad visa informacija, pateikta Pardav\u0117jo internetin\u0117s parduotuv\u0117s svetain\u0117je (\u012fskaitant, bet neapsiribojant, \u0161iomis Taisykl\u0117mis, informacija apie Pardav\u0117j\u0105, si\u016blomas prekes ir paslaugas bei j\u0173 savybes, Pirk\u0117jo teis\u0119 atsisakyti pirkimo-pardavimo sutarties vykdymo tvarkos, Pardav\u0117jo preki\u0173 prie\u017ei\u016bros paslaugas ir garantijas (jei jos suteikiamos) laikoma pateikta Pirk\u0117jui ra\u0161tu.<br \/>11.2. Visi nesutarimai, kylantys i\u0161 Pirk\u0117jo ir Pardav\u0117jo pirkimo-pardavimo sutarties arba susij\u0119 su ja, sprend\u017eiami deryb\u0173 b\u016bdu. Nepavykus susitarti, nesutarimai sprend\u017eiami Lietuvos Respublikos teis\u0117s akt\u0173 nustatyta tvarka.<\/p><p>Mok\u0117ti galima naudojantis \u201eSwed\u201c, \u201eSeb\u201c, \u201eLuminor\u201c, \u201eCitadel\u0117s\u201c, \u0160iauli\u0173 banko elektronin\u0117s bankininkyst\u0117s paslaugomis, \u201eVisa\u201c \/ \u201eMasterCard\u201c mok\u0117jimo kortel\u0117mis. Atsiskaityti galima eurais. Mok\u0117jimai apdorojami naudojantis \u201eMontonio Finance\u201c, UAB partneri\u0173 paslaugomis.<\/p>\t\t\t\t\t\t\t\t<\/div>\n\t\t\t\t<\/div>\n\t\t\t\t\t<\/div>\n\t\t\t\t<\/div>\n\t\t\t\t<\/div>","protected":false},"excerpt":{"rendered":"<p>Purchase Rules The terms of the online store www.mudvii.eu define the conclusion of a purchase agreement and the obligations of the parties. 1. Main provisions 1.1. These terms and conditions (hereinafter referred to as the Rules) establish the rules for individuals acquiring goods in the online store www.mudvii.eu\u00a0(hereinafter referred to as the Buyer), and the&hellip;<\/p>","protected":false},"author":1,"featured_media":0,"parent":0,"menu_order":0,"comment_status":"closed","ping_status":"closed","template":"elementor_header_footer","meta":{"_acf_changed":false,"footnotes":""},"class_list":["post-47145","page","type-page","status-publish","hentry"],"acf":[],"jetpack_sharing_enabled":true,"_links":{"self":[{"href":"https:\/\/mudvii.eu\/lt\/wp-json\/wp\/v2\/pages\/47145","targetHints":{"allow":["GET"]}}],"collection":[{"href":"https:\/\/mudvii.eu\/lt\/wp-json\/wp\/v2\/pages"}],"about":[{"href":"https:\/\/mudvii.eu\/lt\/wp-json\/wp\/v2\/types\/page"}],"author":[{"embeddable":true,"href":"https:\/\/mudvii.eu\/lt\/wp-json\/wp\/v2\/users\/1"}],"replies":[{"embeddable":true,"href":"https:\/\/mudvii.eu\/lt\/wp-json\/wp\/v2\/comments?post=47145"}],"version-history":[{"count":10,"href":"https:\/\/mudvii.eu\/lt\/wp-json\/wp\/v2\/pages\/47145\/revisions"}],"predecessor-version":[{"id":51760,"href":"https:\/\/mudvii.eu\/lt\/wp-json\/wp\/v2\/pages\/47145\/revisions\/51760"}],"wp:attachment":[{"href":"https:\/\/mudvii.eu\/lt\/wp-json\/wp\/v2\/media?parent=47145"}],"curies":[{"name":"wp","href":"https:\/\/api.w.org\/{rel}","templated":true}]}}