{"id":47139,"date":"2025-11-19T23:03:32","date_gmt":"2025-11-19T21:03:32","guid":{"rendered":"https:\/\/ukiyoagency.shop\/?page_id=47139"},"modified":"2025-12-11T20:40:02","modified_gmt":"2025-12-11T18:40:02","slug":"privacy-policy-2","status":"publish","type":"page","link":"https:\/\/mudvii.eu\/lt\/privacy-policy-2\/","title":{"rendered":"Privatumo politika"},"content":{"rendered":"<div data-elementor-type=\"wp-page\" data-elementor-id=\"47139\" class=\"elementor elementor-47139\" data-elementor-post-type=\"page\">\n\t\t\t\t<div class=\"elementor-element elementor-element-1bdb946 e-flex e-con-boxed e-con e-parent\" data-id=\"1bdb946\" data-element_type=\"container\" data-e-type=\"container\">\n\t\t\t\t\t<div class=\"e-con-inner\">\n\t\t<div class=\"elementor-element elementor-element-a3eba31 e-con-full e-flex e-con e-child\" data-id=\"a3eba31\" data-element_type=\"container\" data-e-type=\"container\">\n\t\t\t\t<div class=\"elementor-element elementor-element-d7de1e8 elementor-widget elementor-widget-the7-heading\" data-id=\"d7de1e8\" data-element_type=\"widget\" data-e-type=\"widget\" data-widget_type=\"the7-heading.default\">\n\t\t\t\t<div class=\"elementor-widget-container\">\n\t\t\t\t\t<h2 class=\"the7-heading-title elementor-size-default\">Privatumo politika<\/h2>\t\t\t\t<\/div>\n\t\t\t\t<\/div>\n\t\t\t\t<div class=\"elementor-element elementor-element-cb35bf7 elementor-widget elementor-widget-the7-heading\" data-id=\"cb35bf7\" data-element_type=\"widget\" data-e-type=\"widget\" data-widget_type=\"the7-heading.default\">\n\t\t\t\t<div class=\"elementor-widget-container\">\n\t\t\t\t\t<h2 class=\"the7-heading-title elementor-size-default\">1. Bendrosios nuostatos<\/h2>\t\t\t\t<\/div>\n\t\t\t\t<\/div>\n\t\t\t\t<div class=\"elementor-element elementor-element-047a4a3 elementor-widget elementor-widget-text-editor\" data-id=\"047a4a3\" data-element_type=\"widget\" data-e-type=\"widget\" data-widget_type=\"text-editor.default\">\n\t\t\t\t\t\t\t\t\t<p>1.1. \u0160ios internetin\u0117s parduotuv\u0117s taisykl\u0117s (toliau \u2013 Taisykl\u0117s) yra teisi\u0161kai privalomas dokumentas Pirk\u0117jui ir Pardav\u0117jui (toliau \u2013 Pardav\u0117jas), nustatantis \u0160ali\u0173 teises ir pareigas.\n1.2. Pardav\u0117jas pasilieka teis\u0119 bet kuriuo metu keisti, taisyti ar papildyti \u0161ias Taisykles. Apie Taisykli\u0173 pakeitimus Pirk\u0117jas informuojamas internetin\u0117s parduotuv\u0117s svetain\u0117je.<\/p>\t\t\t\t\t\t\t\t<\/div>\n\t\t\t\t<div class=\"elementor-element elementor-element-87ad3c9 elementor-widget elementor-widget-the7-heading\" data-id=\"87ad3c9\" data-element_type=\"widget\" data-e-type=\"widget\" data-widget_type=\"the7-heading.default\">\n\t\t\t\t<div class=\"elementor-widget-container\">\n\t\t\t\t\t<h2 class=\"the7-heading-title elementor-size-default\">2. Pirkimo-pardavimo sutarties sudarymas<\/h2>\t\t\t\t<\/div>\n\t\t\t\t<\/div>\n\t\t\t\t<div class=\"elementor-element elementor-element-544b81a elementor-widget elementor-widget-text-editor\" data-id=\"544b81a\" data-element_type=\"widget\" data-e-type=\"widget\" data-widget_type=\"text-editor.default\">\n\t\t\t\t\t\t\t\t\t<p>2.1. Pirkimo-pardavimo sutartis tarp Pirk\u0117jo ir Pardav\u0117jo laikoma sudaryta, kai Pirk\u0117jas internetin\u0117je parduotuv\u0117je suformuoja ir pateikia preki\u0173 u\u017esakym\u0105, susipa\u017ein\u0119s su \u0161iomis taisykl\u0117mis.<\/p>\t\t\t\t\t\t\t\t<\/div>\n\t\t\t\t<div class=\"elementor-element elementor-element-eb0f8a7 elementor-widget elementor-widget-the7-heading\" data-id=\"eb0f8a7\" data-element_type=\"widget\" data-e-type=\"widget\" data-widget_type=\"the7-heading.default\">\n\t\t\t\t<div class=\"elementor-widget-container\">\n\t\t\t\t\t<h2 class=\"the7-heading-title elementor-size-default\">3. Pardav\u0117jo teis\u0117s<\/h2>\t\t\t\t<\/div>\n\t\t\t\t<\/div>\n\t\t\t\t<div class=\"elementor-element elementor-element-cd66dce elementor-widget elementor-widget-text-editor\" data-id=\"cd66dce\" data-element_type=\"widget\" data-e-type=\"widget\" data-widget_type=\"text-editor.default\">\n\t\t\t\t\t\t\t\t\t<p>3.1. Esant svarbioms aplinkyb\u0117ms, Pardav\u0117jas gali laikinai arba visam laikui sustabdyti internetin\u0117s parduotuv\u0117s veikl\u0105, apie tai i\u0161 anksto neprane\u0161\u0119s Pirk\u0117jui.<br \/>3.2. Jei Pirk\u0117jas bando pakenkti internetin\u0117s parduotuv\u0117s veikimui, stabilumui ir saugumui arba pa\u017eeid\u017eia savo \u012fsipareigojimus, Pardav\u0117jas turi teis\u0119 be \u012fsp\u0117jimo apriboti arba sustabdyti Pirk\u0117jo galimyb\u0119 naudotis internetine parduotuve.<\/p>\t\t\t\t\t\t\t\t<\/div>\n\t\t\t\t<div class=\"elementor-element elementor-element-6909ac9 elementor-widget elementor-widget-the7-heading\" data-id=\"6909ac9\" data-element_type=\"widget\" data-e-type=\"widget\" data-widget_type=\"the7-heading.default\">\n\t\t\t\t<div class=\"elementor-widget-container\">\n\t\t\t\t\t<h2 class=\"the7-heading-title elementor-size-default\">4. Pardav\u0117jo \u012fsipareigojimai<\/h2>\t\t\t\t<\/div>\n\t\t\t\t<\/div>\n\t\t\t\t<div class=\"elementor-element elementor-element-7bada3b elementor-widget elementor-widget-text-editor\" data-id=\"7bada3b\" data-element_type=\"widget\" data-e-type=\"widget\" data-widget_type=\"text-editor.default\">\n\t\t\t\t\t\t\t\t\t<p>4.1. Pardav\u0117jas \u012fsipareigoja sudaryti galimyb\u0119 naudotis internetin\u0117s parduotuv\u0117s paslaugomis, kuri\u0173 s\u0105lygas apibr\u0117\u017eia \u0161ios Taisykl\u0117s.<br \/>4.2. Pardav\u0117jas \u012fsipareigoja pristatyti Pirk\u0117jo \u012fsigytas prekes Pirk\u0117jo pasirinktu pristatymo b\u016bdu, vadovaudamasis \u0161iose pirkimo-pardavimo taisykl\u0117se nustatytomis s\u0105lygomis.<br \/>4.3. Atsiradus nenumatytoms aplinkyb\u0117ms, d\u0117l kuri\u0173 Pardav\u0117jas negali pristatyti internetin\u0117je parduotuv\u0117je u\u017esakyt\u0173 preki\u0173, Pardav\u0117jas turi teis\u0119 nutraukti pirkimo-pardavimo sutart\u012f, i\u0161 anksto apie tai informuodamas pirk\u0117j\u0105. Pardav\u0117jas gali pasi\u016blyti pana\u0161i\u0105 prek\u0119. Pirk\u0117jui atsisakius, Pardav\u0117jas \u012fsipareigoja gr\u0105\u017einti sumok\u0117t\u0105 sum\u0105 per 3 darbo dienas.<br \/>4.4. Pirk\u0117jui pasinaudojus Taisykli\u0173 5.2 punkte nurodyta teise, Pardav\u0117jas \u012fsipareigoja gr\u0105\u017einti Pirk\u0117jo sumok\u0117t\u0105 sum\u0105 per 5 (penkias) darbo dienas nuo gr\u0105\u017eint\u0173 preki\u0173 gavimo dienos.<br \/>4.5. Pardav\u0117jas negali gr\u0105\u017einti Pirk\u0117jo sumok\u0117tos sumos, kol prek\u0117s negr\u0105\u017eintos Pardav\u0117jui arba kol Pirk\u0117jas nepateiks \u012frodym\u0173, kad prek\u0117s buvo i\u0161si\u0173stos Pardav\u0117jui, atsi\u017evelgiant \u012f tai, kas \u012fvyksta anks\u010diau.<\/p>\t\t\t\t\t\t\t\t<\/div>\n\t\t\t\t<div class=\"elementor-element elementor-element-d824019 elementor-widget elementor-widget-the7-heading\" data-id=\"d824019\" data-element_type=\"widget\" data-e-type=\"widget\" data-widget_type=\"the7-heading.default\">\n\t\t\t\t<div class=\"elementor-widget-container\">\n\t\t\t\t\t<h2 class=\"the7-heading-title elementor-size-default\">5. Pirk\u0117jo teis\u0117s<\/h2>\t\t\t\t<\/div>\n\t\t\t\t<\/div>\n\t\t\t\t<div class=\"elementor-element elementor-element-506003e elementor-widget elementor-widget-text-editor\" data-id=\"506003e\" data-element_type=\"widget\" data-e-type=\"widget\" data-widget_type=\"text-editor.default\">\n\t\t\t\t\t\t\t\t\t<p>5.1. Pirk\u0117jas turi teis\u0119 pirkti prekes internetin\u0117je parduotuv\u0117je \u0161i\u0173 Taisykli\u0173 nustatyta tvarka.<br \/>5.2. Pirk\u0117jas turi teis\u0119 atsisakyti internetin\u0117je parduotuv\u0117je sudarytos preki\u0173 pirkimo-pardavimo sutarties, apie tai ra\u0161tu prane\u0161damas Pardav\u0117jui ne v\u0117liau kaip per 14 (keturiolika) kalendorini\u0173 dien\u0173 nuo preki\u0173 pristatymo dienos.<br \/>5.3. Pirk\u0117jas gali pasinaudoti 5.2 punkte apra\u0161yta teise tik tuo atveju, jei prek\u0117s nebuvo sugadintos arba j\u0173 i\u0161vaizda i\u0161 esm\u0117s nepasikeit\u0117 ir jei jos nebuvo naudojamos.<\/p>\t\t\t\t\t\t\t\t<\/div>\n\t\t\t\t<div class=\"elementor-element elementor-element-ead1e0c elementor-widget elementor-widget-the7-heading\" data-id=\"ead1e0c\" data-element_type=\"widget\" data-e-type=\"widget\" data-widget_type=\"the7-heading.default\">\n\t\t\t\t<div class=\"elementor-widget-container\">\n\t\t\t\t\t<h2 class=\"the7-heading-title elementor-size-default\">6. Pirk\u0117jo \u012fsipareigojimai<\/h2>\t\t\t\t<\/div>\n\t\t\t\t<\/div>\n\t\t\t\t<div class=\"elementor-element elementor-element-dbe684c elementor-widget elementor-widget-text-editor\" data-id=\"dbe684c\" data-element_type=\"widget\" data-e-type=\"widget\" data-widget_type=\"text-editor.default\">\n\t\t\t\t\t\t\t\t\t<p>6.1. Pirk\u0117jas privalo sumok\u0117ti u\u017e \u012fsigytas prekes ir jas priimti \u0161iose Taisykl\u0117se nustatyta tvarka.<br \/>6.2. Jei Pirk\u0117jas preki\u0173 pristatymo metu be svarbi\u0173 prie\u017eas\u010di\u0173 atsisako priimti prekes, Pardav\u0117jo pra\u0161ymu Pirk\u0117jas privalo padengti preki\u0173 gr\u0105\u017einimo i\u0161laidas.<br \/>6.3. Preki\u0173 pristatymo Pirk\u0117jui metu Pirk\u0117jas privalo kartu su Pardav\u0117ju arba siunt\u0105 pristatan\u010diu asmeniu ap\u017ei\u016br\u0117ti siunt\u0105 ir preki\u0173 b\u016bkl\u0119.<br \/>6.4. Pirk\u0117jas, naudodamasis internetine parduotuve, patvirtina, kad sutinka su \u0161iomis s\u0105lygomis ir privalo j\u0173 laikytis.<\/p>\t\t\t\t\t\t\t\t<\/div>\n\t\t\t\t<div class=\"elementor-element elementor-element-def1cce elementor-widget elementor-widget-the7-heading\" data-id=\"def1cce\" data-element_type=\"widget\" data-e-type=\"widget\" data-widget_type=\"the7-heading.default\">\n\t\t\t\t<div class=\"elementor-widget-container\">\n\t\t\t\t\t<h2 class=\"the7-heading-title elementor-size-default\">7. Produkt\u0173 kainos<\/h2>\t\t\t\t<\/div>\n\t\t\t\t<\/div>\n\t\t\t\t<div class=\"elementor-element elementor-element-4734348 elementor-widget elementor-widget-text-editor\" data-id=\"4734348\" data-element_type=\"widget\" data-e-type=\"widget\" data-widget_type=\"text-editor.default\">\n\t\t\t\t\t\t\t\t\t<p>7.1. Preki\u0173 kainos internetin\u0117je parduotuv\u0117je nurodytos eurais. Kainos nurodytos su PVM. Patvirtinus u\u017esakym\u0105, prie bendros preki\u0173 sumos pridedamas pristatymo mokestis, jei taikomas.<\/p>\t\t\t\t\t\t\t\t<\/div>\n\t\t\t\t<div class=\"elementor-element elementor-element-99c3bf5 elementor-widget elementor-widget-the7-heading\" data-id=\"99c3bf5\" data-element_type=\"widget\" data-e-type=\"widget\" data-widget_type=\"the7-heading.default\">\n\t\t\t\t<div class=\"elementor-widget-container\">\n\t\t\t\t\t<h2 class=\"the7-heading-title elementor-size-default\">8. Produkt\u0173 u\u017esakymas ir apmok\u0117jimas<\/h2>\t\t\t\t<\/div>\n\t\t\t\t<\/div>\n\t\t\t\t<div class=\"elementor-element elementor-element-9b9f513 elementor-widget elementor-widget-text-editor\" data-id=\"9b9f513\" data-element_type=\"widget\" data-e-type=\"widget\" data-widget_type=\"text-editor.default\">\n\t\t\t\t\t\t\t\t\t<p>8.1. Pirk\u0117jas, apsilank\u0119s internetin\u0117je parduotuv\u0117je, i\u0161sirenka norimas prekes ir \u012fdeda jas \u012f pirkini\u0173 krep\u0161el\u012f. Suformav\u0119s pirkini\u0173 krep\u0161el\u012f, Pirk\u0117jas pateikia u\u017esakymui \u012fvykdyti reikaling\u0105 asmenin\u0119 informacij\u0105: savo vard\u0105, pavard\u0119, pristatymo adres\u0105, telefono numer\u012f ir papildom\u0105 informacij\u0105, kuri gali b\u016bti svarbi u\u017esakyt\u0173 preki\u0173 pristatymui.<br \/>8.2. Pirk\u0117jas patvirtina, kad susipa\u017eino su \u0161iomis taisykl\u0117mis ir patvirtina u\u017esakym\u0105.<br \/>8.3. Mok\u0117ti galima naudojantis \u201eSwedbank\u201c, SEB, \u201eLuminor\u201c, \u201eCitadele\u201c, \u0160iauli\u0173 banko elektronin\u0117s bankininkyst\u0117s paslaugomis, taip pat \u201eVisa\u201c \/ \u201eMasterCard\u201c mok\u0117jimo kortel\u0117mis. Mok\u0117jimai priimami eurais. Mok\u0117jimai apdorojami naudojantis partnerio UAB \u201eMontonio Finance\u201c paslaugomis.<\/p>\t\t\t\t\t\t\t\t<\/div>\n\t\t\t\t<div class=\"elementor-element elementor-element-65d5a6d elementor-widget elementor-widget-the7-heading\" data-id=\"65d5a6d\" data-element_type=\"widget\" data-e-type=\"widget\" data-widget_type=\"the7-heading.default\">\n\t\t\t\t<div class=\"elementor-widget-container\">\n\t\t\t\t\t<h2 class=\"the7-heading-title elementor-size-default\">9. Produkto pristatymas<\/h2>\t\t\t\t<\/div>\n\t\t\t\t<\/div>\n\t\t\t\t<div class=\"elementor-element elementor-element-d782403 elementor-widget elementor-widget-text-editor\" data-id=\"d782403\" data-element_type=\"widget\" data-e-type=\"widget\" data-widget_type=\"text-editor.default\">\n\t\t\t\t\t\t\t\t\t<p>9.1. U\u017esakydamas prekes, Pirk\u0117jas privalo nurodyti tiksl\u0173 preki\u0173 pristatymo adres\u0105.<br \/>9.2. Pirk\u0117jas prekes privalo priimti pats. Jei Pirk\u0117jas negali pats priimti preki\u0173, bet prek\u0117s pristatomos Pirk\u0117jo nurodytu adresu, Pirk\u0117jas neturi teis\u0117s reik\u0161ti pretenzij\u0173 d\u0117l pristatyt\u0173 preki\u0173 netinkamumo konkre\u010diam asmeniui.<br \/>9.3. Pardav\u0117jas pristato prekes Pirk\u0117jui remdamasis preki\u0173 apra\u0161ymuose nurodytomis s\u0105lygomis.<br \/>9.4. Vis\u0173 parduodam\u0173 preki\u0173 savyb\u0117s nurodomos prie kiekvienos prek\u0117s prid\u0117tame apra\u0161yme. Pardav\u0117jas neatsako u\u017e tai, kad internetin\u0117je parduotuv\u0117je esan\u010di\u0173 preki\u0173 spalva, forma ar kiti parametrai gali neatitikti realaus preki\u0173 dyd\u017eio, formos ir spalvos d\u0117l Pirk\u0117jo monitoriaus ypatybi\u0173.<br \/>9.5. Pirk\u0117jui atsisakius preki\u0173 pirkimo-pardavimo sutarties, gr\u0105\u017einamos visos Pirk\u0117jo sumok\u0117tos sumos, \u012fskaitant Pirk\u0117jo sumok\u0117tas pristatymo i\u0161laidas.<\/p>\t\t\t\t\t\t\t\t<\/div>\n\t\t\t\t<div class=\"elementor-element elementor-element-52bc6fd elementor-widget elementor-widget-the7-heading\" data-id=\"52bc6fd\" data-element_type=\"widget\" data-e-type=\"widget\" data-widget_type=\"the7-heading.default\">\n\t\t\t\t<div class=\"elementor-widget-container\">\n\t\t\t\t\t<h2 class=\"the7-heading-title elementor-size-default\">10. Preki\u0173 gr\u0105\u017einimas<\/h2>\t\t\t\t<\/div>\n\t\t\t\t<\/div>\n\t\t\t\t<div class=\"elementor-element elementor-element-693d13d elementor-widget elementor-widget-text-editor\" data-id=\"693d13d\" data-element_type=\"widget\" data-e-type=\"widget\" data-widget_type=\"text-editor.default\">\n\t\t\t\t\t\t\t\t\t<p>10.1. Kokybi\u0161kas prekes galima gr\u0105\u017einti per 14 dien\u0173 nuo j\u0173 gavimo dienos. Parduot\u0173 nekokybi\u0161k\u0173 preki\u0173 tr\u016bkumai \u0161alinami, nekokybi\u0161kos prek\u0117s kei\u010diamos arba gr\u0105\u017einamos vadovaujantis Lietuvos Respublikos civilinio kodekso nuostatomis.<br \/>10.2. Gr\u0105\u017einant prekes, b\u016btina laikytis \u0161i\u0173 s\u0105lyg\u0173:<br \/>10.2.1. Gr\u0105\u017einama prek\u0117 turi b\u016bti originalioje, nepa\u017eeistoje pakuot\u0117je (\u0161is punktas netaikomas gr\u0105\u017einant nekokybi\u0161k\u0105 prek\u0119);<br \/>10.2.2. Prek\u0117 turi b\u016bti Pirk\u0117jo nepa\u017eeista;<br \/>10.2.3. Prek\u0117 turi b\u016bti nenaudota ir nepraradusi prekin\u0117s i\u0161vaizdos: nepa\u017eeistos etiket\u0117s, nenuluptos apsaugin\u0117s pl\u0117vel\u0117s ir kt. (\u0161is punktas netaikomas gr\u0105\u017einant nekokybi\u0161k\u0105 prek\u0119);<br \/>10.2.4. Gr\u0105\u017einama prek\u0117 turi b\u016bti su tokia pa\u010dia komplektacija, koki\u0105 gavo Pirk\u0117jas (\u0161is punktas netaikomas gr\u0105\u017einant nekokybi\u0161k\u0105 prek\u0119);<br \/>10.2.5. Pardav\u0117jas turi teis\u0119 atsisakyti priimti Pirk\u0117jo gr\u0105\u017einamas prekes, jei nebuvo laikomasi preki\u0173 gr\u0105\u017einimo s\u0105lyg\u0173;<br \/>10.2.6. Preki\u0173 gr\u0105\u017einimas atliekamas Pardav\u0117jo nustatytu b\u016bdu per 14 (keturiolika) dien\u0173 nuo preki\u0173 gavimo dienos (\u0161is punktas netaikomas brokuotos prek\u0117s atveju \u2013 tokiu atveju prek\u0117s gr\u0105\u017einamos per \u012fstatymin\u012f garantin\u012f laikotarp\u012f).<br \/>10.3. Tinkamos kokyb\u0117s preki\u0173 gr\u0105\u017einimas ir keitimas atliekamas pagal Civilinio kodekso 6.22810 straipsnio 1 dal\u012f.<br \/>10.4. U\u017e Pirk\u0117jo priimtas, bet v\u0117liau atmestas prekes sumok\u0117ti pinigai gr\u0105\u017einami \u012f Pirk\u0117jo s\u0105skait\u0105 ne v\u0117liau kaip per 5 (penkias) dienas nuo prek\u0117s gr\u0105\u017einimo Pardav\u0117jui dienos, nebent Pardav\u0117jas ir Pirk\u0117jas susitaria kitaip.<\/p>\t\t\t\t\t\t\t\t<\/div>\n\t\t\t\t<div class=\"elementor-element elementor-element-6f7df0d elementor-widget elementor-widget-the7-heading\" data-id=\"6f7df0d\" data-element_type=\"widget\" data-e-type=\"widget\" data-widget_type=\"the7-heading.default\">\n\t\t\t\t<div class=\"elementor-widget-container\">\n\t\t\t\t\t<h2 class=\"the7-heading-title elementor-size-default\">11. Baigiamosios nuostatos<\/h2>\t\t\t\t<\/div>\n\t\t\t\t<\/div>\n\t\t\t\t<div class=\"elementor-element elementor-element-b20ffd6 elementor-widget elementor-widget-text-editor\" data-id=\"b20ffd6\" data-element_type=\"widget\" data-e-type=\"widget\" data-widget_type=\"text-editor.default\">\n\t\t\t\t\t\t\t\t\t<p>11.1. \u0160ios Taisykl\u0117s sudarytos vadovaujantis Lietuvos Respublikos \u012fstatymais.<br \/>11.2. \u0160ioms Taisykl\u0117ms ir \u0160ali\u0173 santykiams d\u0117l \u0161i\u0173 Taisykli\u0173 taikoma ir jos ai\u0161kinamos pagal Lietuvos Respublikos teis\u0119.<br \/>11.3. Visi gin\u010dai, kylantys d\u0117l \u0161i\u0173 Taisykli\u0173 \u012fgyvendinimo, sprend\u017eiami deryb\u0173 b\u016bdu. Nepavykus susitarti, gin\u010dai sprend\u017eiami pagal Lietuvos Respublikos \u012fstatymus.<br \/>11.4. \u0160alys atleid\u017eiamos nuo \u012fsipareigojim\u0173 pagal \u0161ias Taisykles, jei j\u0173 \u012fvykdymas ne\u012fmanomas d\u0117l nenumatyt\u0173 aplinkybi\u0173, nepriklausan\u010di\u0173 nuo \u0160ali\u0173 valios (Nenugalimos j\u0117gos aplinkyb\u0117s).<\/p>\t\t\t\t\t\t\t\t<\/div>\n\t\t\t\t<\/div>\n\t\t\t\t\t<\/div>\n\t\t\t\t<\/div>\n\t\t\t\t<\/div>","protected":false},"excerpt":{"rendered":"<p>Privacy Policy 1. General provisions 1.1. These online store rules (hereinafter referred to as the Rules) are a legally binding document for the Buyer and the Seller (hereinafter referred to as the Seller), establishing the rights and obligations of the Parties. 1.2. The Seller reserves the right to change, amend, or supplement these Rules at&hellip;<\/p>","protected":false},"author":1,"featured_media":0,"parent":0,"menu_order":0,"comment_status":"closed","ping_status":"closed","template":"elementor_header_footer","meta":{"_acf_changed":false,"footnotes":""},"class_list":["post-47139","page","type-page","status-publish","hentry"],"acf":[],"jetpack_sharing_enabled":true,"_links":{"self":[{"href":"https:\/\/mudvii.eu\/lt\/wp-json\/wp\/v2\/pages\/47139","targetHints":{"allow":["GET"]}}],"collection":[{"href":"https:\/\/mudvii.eu\/lt\/wp-json\/wp\/v2\/pages"}],"about":[{"href":"https:\/\/mudvii.eu\/lt\/wp-json\/wp\/v2\/types\/page"}],"author":[{"embeddable":true,"href":"https:\/\/mudvii.eu\/lt\/wp-json\/wp\/v2\/users\/1"}],"replies":[{"embeddable":true,"href":"https:\/\/mudvii.eu\/lt\/wp-json\/wp\/v2\/comments?post=47139"}],"version-history":[{"count":13,"href":"https:\/\/mudvii.eu\/lt\/wp-json\/wp\/v2\/pages\/47139\/revisions"}],"predecessor-version":[{"id":51763,"href":"https:\/\/mudvii.eu\/lt\/wp-json\/wp\/v2\/pages\/47139\/revisions\/51763"}],"wp:attachment":[{"href":"https:\/\/mudvii.eu\/lt\/wp-json\/wp\/v2\/media?parent=47139"}],"curies":[{"name":"wp","href":"https:\/\/api.w.org\/{rel}","templated":true}]}}