{"id":15198,"date":"2024-05-17T09:57:31","date_gmt":"2024-05-17T09:57:31","guid":{"rendered":"https:\/\/lavender-jellyfish-405631.hostingersite.com\/about\/"},"modified":"2025-11-17T01:03:58","modified_gmt":"2025-11-16T23:03:58","slug":"about","status":"publish","type":"page","link":"https:\/\/mudvii.eu\/lt\/about\/","title":{"rendered":"Apie"},"content":{"rendered":"<div data-elementor-type=\"wp-page\" data-elementor-id=\"15198\" class=\"elementor elementor-15198\" data-elementor-post-type=\"page\">\n\t\t\t\t<div class=\"elementor-element elementor-element-351e8df e-con-full e-flex e-con e-parent\" data-id=\"351e8df\" data-element_type=\"container\" data-e-type=\"container\">\n\t\t<div class=\"elementor-element elementor-element-2837231 e-con-full animated-slow e-flex elementor-invisible e-con e-child\" data-id=\"2837231\" data-element_type=\"container\" data-e-type=\"container\" data-settings=\"{&quot;background_background&quot;:&quot;classic&quot;,&quot;animation&quot;:&quot;fadeIn&quot;,&quot;animation_delay&quot;:100}\">\n\t\t<div class=\"elementor-element elementor-element-642e8cf e-flex e-con-boxed e-con e-child\" data-id=\"642e8cf\" data-element_type=\"container\" data-e-type=\"container\">\n\t\t\t\t\t<div class=\"e-con-inner\">\n\t\t\t\t\t<\/div>\n\t\t\t\t<\/div>\n\t\t\t\t<\/div>\n\t\t<div class=\"elementor-element elementor-element-839fa4d e-con-full e-flex e-con e-child\" data-id=\"839fa4d\" data-element_type=\"container\" data-e-type=\"container\">\n\t\t<div class=\"elementor-element elementor-element-75b8fc9 e-flex e-con-boxed e-con e-child\" data-id=\"75b8fc9\" data-element_type=\"container\" data-e-type=\"container\">\n\t\t\t\t\t<div class=\"e-con-inner\">\n\t\t\t\t<div class=\"elementor-element elementor-element-8aac39b elementor-widget elementor-widget-the7-heading\" data-id=\"8aac39b\" data-element_type=\"widget\" data-e-type=\"widget\" data-widget_type=\"the7-heading.default\">\n\t\t\t\t<div class=\"elementor-widget-container\">\n\t\t\t\t\t<h3 class=\"the7-heading-title elementor-size-default\">Apie Mudvii<\/h3>\t\t\t\t<\/div>\n\t\t\t\t<\/div>\n\t\t\t\t<div class=\"elementor-element elementor-element-edc23d9 elementor-widget elementor-widget-text-editor\" data-id=\"edc23d9\" data-element_type=\"widget\" data-e-type=\"widget\" data-widget_type=\"text-editor.default\">\n\t\t\t\t\t\t\t\t\t<p>Pavadinimas MUDV\u00cc\u00cc kilo neveltui, u\u017e jo slepiasi mamos ir dukros duetas, o ilgai mintyse besisukusi id\u0117ja galop sulauk\u0117 savo progos b\u016bti \u012fgyvendinta!<br \/><br \/>Tod\u0117l dr\u0105siai galime teigti, jog su didesne meile pagamint\u0173 laisvalaikio kostium\u0117li\u0173 rasti b\u016bt\u0173 sunku.. Nes, juk mamos meil\u0117 pati did\u017eiausia.<br \/><br \/>MUDV\u00cc\u00cc, tai apie laisvas, nepriklausomas moteris, kurios \u017eino ko nori, kurios nekonkuruoja, nesmerkia, bet padeda viena kitai kilti, nes kartu - mes tikrai galime daug daugiau!<\/p>\t\t\t\t\t\t\t\t<\/div>\n\t\t\t\t\t<\/div>\n\t\t\t\t<\/div>\n\t\t\t\t<\/div>\n\t\t\t\t<\/div>\n\t\t<div class=\"elementor-element elementor-element-edf8e2c e-con-full elementor-hidden-widescreen elementor-hidden-desktop elementor-hidden-laptop e-flex e-con e-parent\" data-id=\"edf8e2c\" data-element_type=\"container\" data-e-type=\"container\">\n\t\t\t\t<div class=\"elementor-element elementor-element-2d52930 elementor-widget elementor-widget-template\" data-id=\"2d52930\" data-element_type=\"widget\" data-e-type=\"widget\" data-widget_type=\"template.default\">\n\t\t\t\t<div class=\"elementor-widget-container\">\n\t\t\t\t\t\t\t<div class=\"elementor-template\">\n\t\t\t\t\t<div data-elementor-type=\"container\" data-elementor-id=\"23483\" class=\"elementor elementor-23483\" data-elementor-post-type=\"elementor_library\">\n\t\t\t\t<div class=\"elementor-element elementor-element-78ac1e91 e-con-full e-flex e-con e-parent\" data-id=\"78ac1e91\" data-element_type=\"container\" data-e-type=\"container\">\n\t\t\t\t<div class=\"elementor-element elementor-element-7a3ea4d2 elementor-widget elementor-widget-spacer\" data-id=\"7a3ea4d2\" data-element_type=\"widget\" data-e-type=\"widget\" data-widget_type=\"spacer.default\">\n\t\t\t\t\t\t\t<div class=\"elementor-spacer\">\n\t\t\t<div class=\"elementor-spacer-inner\"><\/div>\n\t\t<\/div>\n\t\t\t\t\t\t<\/div>\n\t\t\t\t<\/div>\n\t\t\t\t<\/div>\n\t\t\t\t<\/div>\n\t\t\t\t\t\t<\/div>\n\t\t\t\t<\/div>\n\t\t\t\t<\/div>\n\t\t\t\t<\/div>","protected":false},"excerpt":{"rendered":"<p>About Mudvii The name Mudvii (Both of us) came up not without a reason. It covers a mother-daughter duo and a long-standing idea streaming in our minds has finally reached the opportunity to be implemented. Therefore, we can confidently say that it will be very hard to find leisure outfits made with greater love, as&hellip;<\/p>","protected":false},"author":1,"featured_media":0,"parent":0,"menu_order":5,"comment_status":"closed","ping_status":"closed","template":"","meta":{"_acf_changed":false,"footnotes":""},"class_list":["post-15198","page","type-page","status-publish","hentry"],"acf":[],"jetpack_sharing_enabled":true,"_links":{"self":[{"href":"https:\/\/mudvii.eu\/lt\/wp-json\/wp\/v2\/pages\/15198","targetHints":{"allow":["GET"]}}],"collection":[{"href":"https:\/\/mudvii.eu\/lt\/wp-json\/wp\/v2\/pages"}],"about":[{"href":"https:\/\/mudvii.eu\/lt\/wp-json\/wp\/v2\/types\/page"}],"author":[{"embeddable":true,"href":"https:\/\/mudvii.eu\/lt\/wp-json\/wp\/v2\/users\/1"}],"replies":[{"embeddable":true,"href":"https:\/\/mudvii.eu\/lt\/wp-json\/wp\/v2\/comments?post=15198"}],"version-history":[{"count":6,"href":"https:\/\/mudvii.eu\/lt\/wp-json\/wp\/v2\/pages\/15198\/revisions"}],"predecessor-version":[{"id":24152,"href":"https:\/\/mudvii.eu\/lt\/wp-json\/wp\/v2\/pages\/15198\/revisions\/24152"}],"wp:attachment":[{"href":"https:\/\/mudvii.eu\/lt\/wp-json\/wp\/v2\/media?parent=15198"}],"curies":[{"name":"wp","href":"https:\/\/api.w.org\/{rel}","templated":true}]}}